{"id":4183,"date":"2023-07-06T10:38:44","date_gmt":"2023-07-06T14:38:44","guid":{"rendered":"https:\/\/cedit.cl\/?page_id=4183"},"modified":"2025-12-10T16:08:43","modified_gmt":"2025-12-10T19:08:43","slug":"martin-rios","status":"publish","type":"page","link":"https:\/\/cedit.cl\/en\/somos\/martin-rios\/","title":{"rendered":"Mart\u00edn R\u00edos"},"content":{"rendered":"<div data-elementor-type=\"wp-page\" data-elementor-id=\"4183\" class=\"elementor elementor-4183\" data-elementor-post-type=\"page\">\n\t\t\t\t\t\t<section class=\"elementor-section elementor-top-section elementor-element elementor-element-aef4ba0 elementor-section-boxed elementor-section-height-default elementor-section-height-default\" data-id=\"aef4ba0\" data-element_type=\"section\">\n\t\t\t\t\t\t<div class=\"elementor-container elementor-column-gap-default\">\n\t\t\t\t\t<div class=\"elementor-column elementor-col-33 elementor-top-column elementor-element elementor-element-596c869\" data-id=\"596c869\" data-element_type=\"column\">\n\t\t\t<div class=\"elementor-widget-wrap elementor-element-populated\">\n\t\t\t\t\t\t<div class=\"elementor-element elementor-element-53b2297 elementor-widget elementor-widget-image\" data-id=\"53b2297\" data-element_type=\"widget\" data-widget_type=\"image.default\">\n\t\t\t\t<div class=\"elementor-widget-container\">\n\t\t\t\t\t\t\t\t\t\t\t\t\t\t\t<img fetchpriority=\"high\" decoding=\"async\" width=\"647\" height=\"1024\" src=\"https:\/\/cedit.cl\/wp-content\/uploads\/2025\/12\/20251210_1521502-647x1024.jpg\" class=\"attachment-large size-large wp-image-4185\" alt=\"\" srcset=\"https:\/\/cedit.cl\/wp-content\/uploads\/2025\/12\/20251210_1521502-647x1024.jpg 647w, https:\/\/cedit.cl\/wp-content\/uploads\/2025\/12\/20251210_1521502-190x300.jpg 190w, https:\/\/cedit.cl\/wp-content\/uploads\/2025\/12\/20251210_1521502-768x1215.jpg 768w, https:\/\/cedit.cl\/wp-content\/uploads\/2025\/12\/20251210_1521502-971x1536.jpg 971w, https:\/\/cedit.cl\/wp-content\/uploads\/2025\/12\/20251210_1521502-1295x2048.jpg 1295w, https:\/\/cedit.cl\/wp-content\/uploads\/2025\/12\/20251210_1521502-8x12.jpg 8w, https:\/\/cedit.cl\/wp-content\/uploads\/2025\/12\/20251210_1521502-scaled.jpg 1618w\" sizes=\"(max-width: 647px) 100vw, 647px\" \/>\t\t\t\t\t\t\t\t\t\t\t\t\t\t\t<\/div>\n\t\t\t\t<\/div>\n\t\t\t\t\t<\/div>\n\t\t<\/div>\n\t\t\t\t<div class=\"elementor-column elementor-col-66 elementor-top-column elementor-element elementor-element-d86f8ef\" data-id=\"d86f8ef\" data-element_type=\"column\">\n\t\t\t<div class=\"elementor-widget-wrap elementor-element-populated\">\n\t\t\t\t\t\t<div class=\"elementor-element elementor-element-e62bfa4 elementor-widget elementor-widget-heading\" data-id=\"e62bfa4\" data-element_type=\"widget\" data-widget_type=\"heading.default\">\n\t\t\t\t<div class=\"elementor-widget-container\">\n\t\t\t\t\t<h3 class=\"elementor-heading-title elementor-size-default\">Biography<\/h3>\t\t\t\t<\/div>\n\t\t\t\t<\/div>\n\t\t\t\t<div class=\"elementor-element elementor-element-ba8443a elementor-widget elementor-widget-text-editor\" data-id=\"ba8443a\" data-element_type=\"widget\" data-widget_type=\"text-editor.default\">\n\t\t\t\t<div class=\"elementor-widget-container\">\n\t\t\t\t\t\t\t\t\t<p>Mart\u00edn R\u00edos L\u00f3pez es Antrop\u00f3logo Social de la Universidad de Chile y tesista del Mag\u00edster en Econom\u00eda Agraria y Ambiental en la Pontificia Universidad Cat\u00f3lica de Chile. Sus \u00e1reas de conocimiento se centran en el desarrollo rural, la desigualdad y la pobreza en peque\u00f1os productores agr\u00edcolas. Actualmente desarrolla su tesis titulada \u201cSubsidios de riego y bienestar en Chile\u201d, investigaci\u00f3n que cuenta con el apoyo del N\u00facleo Milenio para el Desarrollo Integral de los Territorios (CEDIT).<br \/>Proyectos en curso:<br \/>2024 a la fecha. Proyecto de tesis: Subsidios de riego y bienestar en Chile. Una evaluaci\u00f3n de la Ley N\u00b0 18.450.<\/p>\t\t\t\t\t\t\t\t<\/div>\n\t\t\t\t<\/div>\n\t\t\t\t<div class=\"elementor-element elementor-element-f92fdd4 elementor-widget elementor-widget-spacer\" data-id=\"f92fdd4\" data-element_type=\"widget\" data-widget_type=\"spacer.default\">\n\t\t\t\t<div class=\"elementor-widget-container\">\n\t\t\t\t\t\t\t<div class=\"elementor-spacer\">\n\t\t\t<div class=\"elementor-spacer-inner\"><\/div>\n\t\t<\/div>\n\t\t\t\t\t\t<\/div>\n\t\t\t\t<\/div>\n\t\t\t\t\t<\/div>\n\t\t<\/div>\n\t\t\t\t\t<\/div>\n\t\t<\/section>\n\t\t\t\t<\/div>","protected":false},"excerpt":{"rendered":"<p>Rese\u00f1a Ana Caroline Avanco es Estudiante del Doctorado en Pol\u00edticas P\u00fablicas de la Universidad Mayor, Mag\u00edster en Pol\u00edticas P\u00fablicas de la Universidad Diego Portales, Chile, y Mag\u00edster en Metr\u00f3poli en &#8230; <a title=\"Mart\u00edn R\u00edos\" class=\"read-more\" href=\"https:\/\/cedit.cl\/en\/somos\/martin-rios\/\" aria-label=\"Read more about Mart\u00edn R\u00edos\">Leer m\u00e1s<\/a><\/p>","protected":false},"author":2,"featured_media":0,"parent":3442,"menu_order":0,"comment_status":"closed","ping_status":"closed","template":"elementor_header_footer","meta":{"_acf_changed":false,"_seopress_robots_primary_cat":"","_seopress_titles_title":"","_seopress_titles_desc":"","_seopress_robots_index":"","inline_featured_image":false,"footnotes":""},"class_list":["post-4183","page","type-page","status-publish"],"acf":[],"_links":{"self":[{"href":"https:\/\/cedit.cl\/en\/wp-json\/wp\/v2\/pages\/4183","targetHints":{"allow":["GET"]}}],"collection":[{"href":"https:\/\/cedit.cl\/en\/wp-json\/wp\/v2\/pages"}],"about":[{"href":"https:\/\/cedit.cl\/en\/wp-json\/wp\/v2\/types\/page"}],"author":[{"embeddable":true,"href":"https:\/\/cedit.cl\/en\/wp-json\/wp\/v2\/users\/2"}],"replies":[{"embeddable":true,"href":"https:\/\/cedit.cl\/en\/wp-json\/wp\/v2\/comments?post=4183"}],"version-history":[{"count":1,"href":"https:\/\/cedit.cl\/en\/wp-json\/wp\/v2\/pages\/4183\/revisions"}],"predecessor-version":[{"id":4184,"href":"https:\/\/cedit.cl\/en\/wp-json\/wp\/v2\/pages\/4183\/revisions\/4184"}],"up":[{"embeddable":true,"href":"https:\/\/cedit.cl\/en\/wp-json\/wp\/v2\/pages\/3442"}],"wp:attachment":[{"href":"https:\/\/cedit.cl\/en\/wp-json\/wp\/v2\/media?parent=4183"}],"curies":[{"name":"wp","href":"https:\/\/api.w.org\/{rel}","templated":true}]}}