{"id":4176,"date":"2023-07-06T10:38:44","date_gmt":"2023-07-06T14:38:44","guid":{"rendered":"https:\/\/cedit.cl\/?page_id=4176"},"modified":"2025-12-10T14:38:24","modified_gmt":"2025-12-10T17:38:24","slug":"sarah-jansen","status":"publish","type":"page","link":"https:\/\/cedit.cl\/en\/somos\/sarah-jansen\/","title":{"rendered":"Sarah Jansen"},"content":{"rendered":"<div data-elementor-type=\"wp-page\" data-elementor-id=\"4176\" class=\"elementor elementor-4176\" data-elementor-post-type=\"page\">\n\t\t\t\t\t\t<section class=\"elementor-section elementor-top-section elementor-element elementor-element-aef4ba0 elementor-section-boxed elementor-section-height-default elementor-section-height-default\" data-id=\"aef4ba0\" data-element_type=\"section\">\n\t\t\t\t\t\t<div class=\"elementor-container elementor-column-gap-default\">\n\t\t\t\t\t<div class=\"elementor-column elementor-col-33 elementor-top-column elementor-element elementor-element-596c869\" data-id=\"596c869\" data-element_type=\"column\">\n\t\t\t<div class=\"elementor-widget-wrap elementor-element-populated\">\n\t\t\t\t\t\t<div class=\"elementor-element elementor-element-53b2297 elementor-widget elementor-widget-image\" data-id=\"53b2297\" data-element_type=\"widget\" data-widget_type=\"image.default\">\n\t\t\t\t<div class=\"elementor-widget-container\">\n\t\t\t\t\t\t\t\t\t\t\t\t\t\t\t<img fetchpriority=\"high\" decoding=\"async\" width=\"683\" height=\"1024\" src=\"https:\/\/cedit.cl\/wp-content\/uploads\/2025\/12\/thumbnail_foto-sarah-683x1024.jpg\" class=\"attachment-large size-large wp-image-4177\" alt=\"\" srcset=\"https:\/\/cedit.cl\/wp-content\/uploads\/2025\/12\/thumbnail_foto-sarah-683x1024.jpg 683w, https:\/\/cedit.cl\/wp-content\/uploads\/2025\/12\/thumbnail_foto-sarah-200x300.jpg 200w, https:\/\/cedit.cl\/wp-content\/uploads\/2025\/12\/thumbnail_foto-sarah-768x1152.jpg 768w, https:\/\/cedit.cl\/wp-content\/uploads\/2025\/12\/thumbnail_foto-sarah-1024x1536.jpg 1024w, https:\/\/cedit.cl\/wp-content\/uploads\/2025\/12\/thumbnail_foto-sarah-8x12.jpg 8w, https:\/\/cedit.cl\/wp-content\/uploads\/2025\/12\/thumbnail_foto-sarah.jpg 1200w\" sizes=\"(max-width: 683px) 100vw, 683px\" \/>\t\t\t\t\t\t\t\t\t\t\t\t\t\t\t<\/div>\n\t\t\t\t<\/div>\n\t\t\t\t<div class=\"elementor-element elementor-element-c4aa392 elementor-align-left elementor-icon-list--layout-traditional elementor-list-item-link-full_width elementor-widget elementor-widget-icon-list\" data-id=\"c4aa392\" data-element_type=\"widget\" data-widget_type=\"icon-list.default\">\n\t\t\t\t<div class=\"elementor-widget-container\">\n\t\t\t\t\t\t\t<ul class=\"elementor-icon-list-items\">\n\t\t\t\t\t\t\t<li class=\"elementor-icon-list-item\">\n\t\t\t\t\t\t\t\t\t\t\t<span class=\"elementor-icon-list-icon\">\n\t\t\t\t\t\t\t<i aria-hidden=\"true\" class=\"far fa-circle\"><\/i>\t\t\t\t\t\t<\/span>\n\t\t\t\t\t\t\t\t\t\t<span class=\"elementor-icon-list-text\"><b>Fecha.<\/b> Texto<\/span>\n\t\t\t\t\t\t\t\t\t<\/li>\n\t\t\t\t\t\t<\/ul>\n\t\t\t\t\t\t<\/div>\n\t\t\t\t<\/div>\n\t\t\t\t\t<\/div>\n\t\t<\/div>\n\t\t\t\t<div class=\"elementor-column elementor-col-66 elementor-top-column elementor-element elementor-element-d86f8ef\" data-id=\"d86f8ef\" data-element_type=\"column\">\n\t\t\t<div class=\"elementor-widget-wrap elementor-element-populated\">\n\t\t\t\t\t\t<div class=\"elementor-element elementor-element-e62bfa4 elementor-widget elementor-widget-heading\" data-id=\"e62bfa4\" data-element_type=\"widget\" data-widget_type=\"heading.default\">\n\t\t\t\t<div class=\"elementor-widget-container\">\n\t\t\t\t\t<h3 class=\"elementor-heading-title elementor-size-default\">Biography<\/h3>\t\t\t\t<\/div>\n\t\t\t\t<\/div>\n\t\t\t\t<div class=\"elementor-element elementor-element-ba8443a elementor-widget elementor-widget-text-editor\" data-id=\"ba8443a\" data-element_type=\"widget\" data-widget_type=\"text-editor.default\">\n\t\t\t\t<div class=\"elementor-widget-container\">\n\t\t\t\t\t\t\t\t\t<p>Sarah Jansen es investigadora postdoctoral en la Pontificia Universidad Cat\u00f3lica de Valpara\u00edso (PUCV), donde estudia la din\u00e1mica de los emprendimientos en contextos urbanos, con \u00e9nfasis en c\u00f3mo factores estructurales \u2014como la urbanizaci\u00f3n, la competencia y los salarios\u2014 inciden en sus trayectorias. Es doctora en Ciencias de la Agricultura y mag\u00edster en Econom\u00eda Agraria por la Pontificia Universidad Cat\u00f3lica de Chile. Sus \u00e1reas de conocimiento incluyen econom\u00eda agr\u00edcola, cambio clim\u00e1tico, desarrollo econ\u00f3mico y bioeconom\u00eda. Actualmente, tambi\u00e9n se desempe\u00f1a como investigadora en un proyecto Fondecyt asociado al Departamento de Econom\u00eda Agraria de la UC, donde analiza percepciones y estrategias de productores agr\u00edcolas frente al cambio clim\u00e1tico. Ha sido consultora de la CEPAL en temas de agricultura digital, desarrollo productivo rural y bioeconom\u00eda. Ha publicado sobre bioeconom\u00eda, calidad de productos agr\u00edcolas y cambio clim\u00e1tico. Su investigaci\u00f3n m\u00e1s reciente examina c\u00f3mo atributos de la fruta, fechas de env\u00edo y estrategias comerciales inciden en los precios de exportaci\u00f3n de cerezas frescas chilenas al mercado chino, aportando evidencia clave para el sector.<\/p><p><strong>Publicaciones<\/strong>:<\/p><p>\u00b7 Jansen, S., Foster, W., &amp; Anriquez, G. (2025). Quality and the window of opportunity: the importance of attributes and timing for cherry import prices in the Chinese market. Journal of Agribusiness in Developing and Emerging Economies. https:\/\/doi.org\/10.1108\/jadee-07-2024-0226<\/p><p>\u00b7 Enriquez, A., Temoltzin-Loranca, Y., Llanos, E., Schrapffer, A., Jansen, S., &amp; Williams, P. (2022). Factors influencing the effectiveness of group interactions among international and interdisciplinary early-career researchers working toward environmental sustainability in climate change. Environment, Development and Sustainability, 26, 841\u2013868.<\/p><p>\u00b7 Jansen, S., Foster, W., Anriquez, G., &amp; Ortega, J. (2021). Understanding farm-level incentives within the bioeconomy framework: Prices, product quality, losses, and bio-based alternatives. Sustainability, 13(2), 450.<\/p>\t\t\t\t\t\t\t\t<\/div>\n\t\t\t\t<\/div>\n\t\t\t\t\t<\/div>\n\t\t<\/div>\n\t\t\t\t\t<\/div>\n\t\t<\/section>\n\t\t\t\t<\/div>","protected":false},"excerpt":{"rendered":"<p>Fecha. Texto Biograf\u00eda Sarah Jansen es investigadora postdoctoral en la Pontificia Universidad Cat\u00f3lica de Valpara\u00edso (PUCV), donde estudia la din\u00e1mica de los emprendimientos en contextos urbanos, con \u00e9nfasis en c\u00f3mo &#8230; <a title=\"Sarah Jansen\" class=\"read-more\" href=\"https:\/\/cedit.cl\/en\/somos\/sarah-jansen\/\" aria-label=\"Read more about Sarah Jansen\">Leer m\u00e1s<\/a><\/p>","protected":false},"author":2,"featured_media":0,"parent":3442,"menu_order":0,"comment_status":"closed","ping_status":"closed","template":"elementor_header_footer","meta":{"_acf_changed":false,"_seopress_robots_primary_cat":"","_seopress_titles_title":"","_seopress_titles_desc":"","_seopress_robots_index":"","inline_featured_image":false,"footnotes":""},"class_list":["post-4176","page","type-page","status-publish"],"acf":[],"_links":{"self":[{"href":"https:\/\/cedit.cl\/en\/wp-json\/wp\/v2\/pages\/4176","targetHints":{"allow":["GET"]}}],"collection":[{"href":"https:\/\/cedit.cl\/en\/wp-json\/wp\/v2\/pages"}],"about":[{"href":"https:\/\/cedit.cl\/en\/wp-json\/wp\/v2\/types\/page"}],"author":[{"embeddable":true,"href":"https:\/\/cedit.cl\/en\/wp-json\/wp\/v2\/users\/2"}],"replies":[{"embeddable":true,"href":"https:\/\/cedit.cl\/en\/wp-json\/wp\/v2\/comments?post=4176"}],"version-history":[{"count":3,"href":"https:\/\/cedit.cl\/en\/wp-json\/wp\/v2\/pages\/4176\/revisions"}],"predecessor-version":[{"id":4180,"href":"https:\/\/cedit.cl\/en\/wp-json\/wp\/v2\/pages\/4176\/revisions\/4180"}],"up":[{"embeddable":true,"href":"https:\/\/cedit.cl\/en\/wp-json\/wp\/v2\/pages\/3442"}],"wp:attachment":[{"href":"https:\/\/cedit.cl\/en\/wp-json\/wp\/v2\/media?parent=4176"}],"curies":[{"name":"wp","href":"https:\/\/api.w.org\/{rel}","templated":true}]}}