{"id":3934,"date":"2025-08-06T23:33:10","date_gmt":"2025-08-07T03:33:10","guid":{"rendered":"https:\/\/cedit.cl\/?page_id=3934"},"modified":"2025-08-07T09:23:20","modified_gmt":"2025-08-07T13:23:20","slug":"migracion-y-capitalhumano","status":"publish","type":"page","link":"https:\/\/cedit.cl\/en\/migracion-y-capitalhumano\/","title":{"rendered":"Migration and Human Capital"},"content":{"rendered":"<div data-elementor-type=\"wp-page\" data-elementor-id=\"3934\" class=\"elementor elementor-3934\" data-elementor-post-type=\"page\">\n\t\t\t\t\t\t<section class=\"elementor-section elementor-top-section elementor-element elementor-element-ded9c55 elementor-section-boxed elementor-section-height-default elementor-section-height-default\" data-id=\"ded9c55\" data-element_type=\"section\">\n\t\t\t\t\t\t<div class=\"elementor-container elementor-column-gap-default\">\n\t\t\t\t\t<div class=\"elementor-column elementor-col-100 elementor-top-column elementor-element elementor-element-c19a217\" data-id=\"c19a217\" data-element_type=\"column\">\n\t\t\t<div class=\"elementor-widget-wrap elementor-element-populated\">\n\t\t\t\t\t\t<section class=\"elementor-section elementor-inner-section elementor-element elementor-element-38282ac elementor-section-boxed elementor-section-height-default elementor-section-height-default\" data-id=\"38282ac\" data-element_type=\"section\">\n\t\t\t\t\t\t<div class=\"elementor-container elementor-column-gap-default\">\n\t\t\t\t\t<div class=\"elementor-column elementor-col-100 elementor-inner-column elementor-element elementor-element-51ff351\" data-id=\"51ff351\" data-element_type=\"column\">\n\t\t\t<div class=\"elementor-widget-wrap elementor-element-populated\">\n\t\t\t\t\t\t<div class=\"elementor-element elementor-element-905305a elementor-widget elementor-widget-text-editor\" data-id=\"905305a\" data-element_type=\"widget\" data-widget_type=\"text-editor.default\">\n\t\t\t\t<div class=\"elementor-widget-container\">\n\t\t\t\t\t\t\t\t\t<p class=\"translation-block\"><strong>Objectives: <\/strong>To examine the dynamic interplay between human capital, spatial mobility, and community sustainability, focusing on how migration and human capital flows influence local development outcomes and mental health.<\/p>\t\t\t\t\t\t\t\t<\/div>\n\t\t\t\t<\/div>\n\t\t\t\t<div class=\"elementor-element elementor-element-3242068 elementor-widget elementor-widget-text-editor\" data-id=\"3242068\" data-element_type=\"widget\" data-widget_type=\"text-editor.default\">\n\t\t\t\t<div class=\"elementor-widget-container\">\n\t\t\t\t\t\t\t\t\t<p><strong>Researchers<\/strong><\/p>\n<ul>\n<li>Rodrigo P\u00e9rez<\/li>\n<li>Chiara Cazzuffi<\/li>\n<li>Jorge Campos<\/li>\n<\/ul>\t\t\t\t\t\t\t\t<\/div>\n\t\t\t\t<\/div>\n\t\t\t\t\t<\/div>\n\t\t<\/div>\n\t\t\t\t\t<\/div>\n\t\t<\/section>\n\t\t\t\t\t<\/div>\n\t\t<\/div>\n\t\t\t\t\t<\/div>\n\t\t<\/section>\n\t\t\t\t<\/div>","protected":false},"excerpt":{"rendered":"<p>Objetivo: Examinar la interacci\u00f3n din\u00e1mica entre el capital humano, la movilidad espacial y la sostenibilidad comunitaria, enfoc\u00e1ndose en c\u00f3mo los flujos migratorios y de capital humano influyen en los resultados &#8230; <a title=\"Migration and Human Capital\" class=\"read-more\" href=\"https:\/\/cedit.cl\/en\/migracion-y-capitalhumano\/\" aria-label=\"Read more about Migraci\u00f3n y Capital Humano\">Leer m\u00e1s<\/a><\/p>","protected":false},"author":1,"featured_media":0,"parent":0,"menu_order":0,"comment_status":"closed","ping_status":"closed","template":"","meta":{"_acf_changed":false,"_seopress_robots_primary_cat":"","_seopress_titles_title":"","_seopress_titles_desc":"","_seopress_robots_index":"","inline_featured_image":false,"footnotes":""},"class_list":["post-3934","page","type-page","status-publish"],"acf":[],"_links":{"self":[{"href":"https:\/\/cedit.cl\/en\/wp-json\/wp\/v2\/pages\/3934","targetHints":{"allow":["GET"]}}],"collection":[{"href":"https:\/\/cedit.cl\/en\/wp-json\/wp\/v2\/pages"}],"about":[{"href":"https:\/\/cedit.cl\/en\/wp-json\/wp\/v2\/types\/page"}],"author":[{"embeddable":true,"href":"https:\/\/cedit.cl\/en\/wp-json\/wp\/v2\/users\/1"}],"replies":[{"embeddable":true,"href":"https:\/\/cedit.cl\/en\/wp-json\/wp\/v2\/comments?post=3934"}],"version-history":[{"count":4,"href":"https:\/\/cedit.cl\/en\/wp-json\/wp\/v2\/pages\/3934\/revisions"}],"predecessor-version":[{"id":3939,"href":"https:\/\/cedit.cl\/en\/wp-json\/wp\/v2\/pages\/3934\/revisions\/3939"}],"wp:attachment":[{"href":"https:\/\/cedit.cl\/en\/wp-json\/wp\/v2\/media?parent=3934"}],"curies":[{"name":"wp","href":"https:\/\/api.w.org\/{rel}","templated":true}]}}