{"id":3896,"date":"2025-08-06T23:33:10","date_gmt":"2025-08-07T03:33:10","guid":{"rendered":"https:\/\/cedit.cl\/?page_id=3896"},"modified":"2025-08-07T09:03:29","modified_gmt":"2025-08-07T13:03:29","slug":"medicionterritorial","status":"publish","type":"page","link":"https:\/\/cedit.cl\/en\/medicionterritorial\/","title":{"rendered":"Territorial Measurement"},"content":{"rendered":"<div data-elementor-type=\"wp-page\" data-elementor-id=\"3896\" class=\"elementor elementor-3896\" data-elementor-post-type=\"page\">\n\t\t\t\t\t\t<section class=\"elementor-section elementor-top-section elementor-element elementor-element-ded9c55 elementor-section-boxed elementor-section-height-default elementor-section-height-default\" data-id=\"ded9c55\" data-element_type=\"section\">\n\t\t\t\t\t\t<div class=\"elementor-container elementor-column-gap-default\">\n\t\t\t\t\t<div class=\"elementor-column elementor-col-100 elementor-top-column elementor-element elementor-element-c19a217\" data-id=\"c19a217\" data-element_type=\"column\">\n\t\t\t<div class=\"elementor-widget-wrap elementor-element-populated\">\n\t\t\t\t\t\t<section class=\"elementor-section elementor-inner-section elementor-element elementor-element-38282ac elementor-section-boxed elementor-section-height-default elementor-section-height-default\" data-id=\"38282ac\" data-element_type=\"section\">\n\t\t\t\t\t\t<div class=\"elementor-container elementor-column-gap-default\">\n\t\t\t\t\t<div class=\"elementor-column elementor-col-100 elementor-inner-column elementor-element elementor-element-51ff351\" data-id=\"51ff351\" data-element_type=\"column\">\n\t\t\t<div class=\"elementor-widget-wrap elementor-element-populated\">\n\t\t\t\t\t\t<div class=\"elementor-element elementor-element-905305a elementor-widget elementor-widget-text-editor\" data-id=\"905305a\" data-element_type=\"widget\" data-widget_type=\"text-editor.default\">\n\t\t\t\t<div class=\"elementor-widget-container\">\n\t\t\t\t\t\t\t\t\t<p class=\"translation-block\"><strong>Objective:<\/strong>To construct and maintain VistaChile, an integrated database of governance, development, geographic, environmental, and social indicators. VistaChile will enable context-sensitive territorial analysis and support evidence-based approaches to inclusive and sustainable development.<\/p>\t\t\t\t\t\t\t\t<\/div>\n\t\t\t\t<\/div>\n\t\t\t\t<div class=\"elementor-element elementor-element-3242068 elementor-widget elementor-widget-text-editor\" data-id=\"3242068\" data-element_type=\"widget\" data-widget_type=\"text-editor.default\">\n\t\t\t\t<div class=\"elementor-widget-container\">\n\t\t\t\t\t\t\t\t\t<p><strong>Researchers<\/strong><\/p><ul><li>Gustavo Anr\u00edquez Nilson<\/li><li>William Foster Bonnette<\/li><li>Pablo Osses<\/li><li>Rodrigo P\u00e9rez Silva<\/li><li>Catalina Contreras<\/li><li>Bryan Castillo<\/li><li>Gabriela Anabal\u00f3n<\/li><li>Juan Miguel Carvajal<\/li><li>F\u00e9lix Modrego<\/li><li>Otoniel Aguiar<\/li><li>Juan Manuel Fercovic<\/li><li>Benjam\u00edn Andr\u00e9s Jara Valencia<\/li><li>Klaus Kurt Keim Vera<\/li><li>Fabrizio Daniel<\/li><li>Qui\u00f1\u00f3nez Florent\u00edn<\/li><li>Jazmine Daniella Calabrese Fern\u00e1ndez<\/li><li>Juan Pablo Astaburuaga<\/li><li>Andr\u00e9s Fuica Barrios<\/li><\/ul>\t\t\t\t\t\t\t\t<\/div>\n\t\t\t\t<\/div>\n\t\t\t\t\t<\/div>\n\t\t<\/div>\n\t\t\t\t\t<\/div>\n\t\t<\/section>\n\t\t\t\t\t<\/div>\n\t\t<\/div>\n\t\t\t\t\t<\/div>\n\t\t<\/section>\n\t\t\t\t<\/div>","protected":false},"excerpt":{"rendered":"<p>Objetivo: Construir y mantener VistaChile, una base de datos integrada de indicadores de gobernanza, desarrollo, geogr\u00e1ficos, ambientales y sociales. VistaChile permitir\u00e1 an\u00e1lisis territoriales sensibles al contexto y apoyar\u00e1 enfoques basados &#8230; <a title=\"Territorial Measurement\" class=\"read-more\" href=\"https:\/\/cedit.cl\/en\/medicionterritorial\/\" aria-label=\"Read more about Medici\u00f3n Territorial\">Leer m\u00e1s<\/a><\/p>","protected":false},"author":1,"featured_media":0,"parent":0,"menu_order":0,"comment_status":"closed","ping_status":"closed","template":"","meta":{"_acf_changed":false,"_seopress_robots_primary_cat":"","_seopress_titles_title":"","_seopress_titles_desc":"","_seopress_robots_index":"","inline_featured_image":false,"footnotes":""},"class_list":["post-3896","page","type-page","status-publish"],"acf":[],"_links":{"self":[{"href":"https:\/\/cedit.cl\/en\/wp-json\/wp\/v2\/pages\/3896","targetHints":{"allow":["GET"]}}],"collection":[{"href":"https:\/\/cedit.cl\/en\/wp-json\/wp\/v2\/pages"}],"about":[{"href":"https:\/\/cedit.cl\/en\/wp-json\/wp\/v2\/types\/page"}],"author":[{"embeddable":true,"href":"https:\/\/cedit.cl\/en\/wp-json\/wp\/v2\/users\/1"}],"replies":[{"embeddable":true,"href":"https:\/\/cedit.cl\/en\/wp-json\/wp\/v2\/comments?post=3896"}],"version-history":[{"count":10,"href":"https:\/\/cedit.cl\/en\/wp-json\/wp\/v2\/pages\/3896\/revisions"}],"predecessor-version":[{"id":3911,"href":"https:\/\/cedit.cl\/en\/wp-json\/wp\/v2\/pages\/3896\/revisions\/3911"}],"wp:attachment":[{"href":"https:\/\/cedit.cl\/en\/wp-json\/wp\/v2\/media?parent=3896"}],"curies":[{"name":"wp","href":"https:\/\/api.w.org\/{rel}","templated":true}]}}