{"id":3490,"date":"2023-07-06T10:38:44","date_gmt":"2023-07-06T14:38:44","guid":{"rendered":"https:\/\/cedit.cl\/?page_id=3490"},"modified":"2025-07-07T16:28:35","modified_gmt":"2025-07-07T20:28:35","slug":"bryan-castillo","status":"publish","type":"page","link":"https:\/\/cedit.cl\/en\/somos\/bryan-castillo\/","title":{"rendered":"Bryan Castillo"},"content":{"rendered":"<div data-elementor-type=\"wp-page\" data-elementor-id=\"3490\" class=\"elementor elementor-3490\" data-elementor-post-type=\"page\">\n\t\t\t\t\t\t<section class=\"elementor-section elementor-top-section elementor-element elementor-element-aef4ba0 elementor-section-boxed elementor-section-height-default elementor-section-height-default\" data-id=\"aef4ba0\" data-element_type=\"section\">\n\t\t\t\t\t\t<div class=\"elementor-container elementor-column-gap-default\">\n\t\t\t\t\t<div class=\"elementor-column elementor-col-33 elementor-top-column elementor-element elementor-element-596c869\" data-id=\"596c869\" data-element_type=\"column\">\n\t\t\t<div class=\"elementor-widget-wrap elementor-element-populated\">\n\t\t\t\t\t\t<div class=\"elementor-element elementor-element-53b2297 elementor-widget elementor-widget-image\" data-id=\"53b2297\" data-element_type=\"widget\" data-widget_type=\"image.default\">\n\t\t\t\t<div class=\"elementor-widget-container\">\n\t\t\t\t\t\t\t\t\t\t\t\t\t\t\t<img fetchpriority=\"high\" decoding=\"async\" width=\"1024\" height=\"1024\" src=\"https:\/\/cedit.cl\/wp-content\/uploads\/2025\/07\/Bryan-Castillo-e1751919730404-1024x1024.jpg\" class=\"attachment-large size-large wp-image-3725\" alt=\"\" srcset=\"https:\/\/cedit.cl\/wp-content\/uploads\/2025\/07\/Bryan-Castillo-e1751919730404-1024x1024.jpg 1024w, https:\/\/cedit.cl\/wp-content\/uploads\/2025\/07\/Bryan-Castillo-e1751919730404-300x300.jpg 300w, https:\/\/cedit.cl\/wp-content\/uploads\/2025\/07\/Bryan-Castillo-e1751919730404-150x150.jpg 150w, https:\/\/cedit.cl\/wp-content\/uploads\/2025\/07\/Bryan-Castillo-e1751919730404-768x768.jpg 768w, https:\/\/cedit.cl\/wp-content\/uploads\/2025\/07\/Bryan-Castillo-e1751919730404-12x12.jpg 12w, https:\/\/cedit.cl\/wp-content\/uploads\/2025\/07\/Bryan-Castillo-e1751919730404.jpg 1202w\" sizes=\"(max-width: 1024px) 100vw, 1024px\" \/>\t\t\t\t\t\t\t\t\t\t\t\t\t\t\t<\/div>\n\t\t\t\t<\/div>\n\t\t\t\t\t<\/div>\n\t\t<\/div>\n\t\t\t\t<div class=\"elementor-column elementor-col-66 elementor-top-column elementor-element elementor-element-d86f8ef\" data-id=\"d86f8ef\" data-element_type=\"column\">\n\t\t\t<div class=\"elementor-widget-wrap elementor-element-populated\">\n\t\t\t\t\t\t<div class=\"elementor-element elementor-element-e62bfa4 elementor-widget elementor-widget-heading\" data-id=\"e62bfa4\" data-element_type=\"widget\" data-widget_type=\"heading.default\">\n\t\t\t\t<div class=\"elementor-widget-container\">\n\t\t\t\t\t<h3 class=\"elementor-heading-title elementor-size-default\">Biography<\/h3>\t\t\t\t<\/div>\n\t\t\t\t<\/div>\n\t\t\t\t<div class=\"elementor-element elementor-element-ba8443a elementor-widget elementor-widget-text-editor\" data-id=\"ba8443a\" data-element_type=\"widget\" data-widget_type=\"text-editor.default\">\n\t\t\t\t<div class=\"elementor-widget-container\">\n\t\t\t\t\t\t\t\t\t<p>Bryan Castillo is a Master's student in Agricultural and Environmental Economics at the Pontifical Catholic University of Chile. His experience has been developed at the Center for Sustainable Urban Development (CEDEUS), where he worked on research on mobility and urban accessibility for older adults. In parallel, he collaborated with the Millennium Institute for Data Foundation (IMFD) on articles and fieldwork related to projects that have an impact on the environment. He has also had professional experience internationally as a co-researcher in the Cities COVID Mitigation Mapping (C2M2) program of the United States Department of State's Geographical Bureau and later at Partners for Action (P4A) at the University of Waterloo, Canada, providing support for research linking social vulnerability and natural disasters. His most recent experience was the implementation of a Public Security Observatory for the Municipality of San Ram\u00f3n, through the Citizen Security Observatories program of the Government of Santiago, executed by the Citizen Peace Foundation. He is currently a collaborator at the UAI Territorial Information Center and a CEDIT master's fellow, where he explores the relationship between tourism development and air pollution.<\/p>\t\t\t\t\t\t\t\t<\/div>\n\t\t\t\t<\/div>\n\t\t\t\t\t<\/div>\n\t\t<\/div>\n\t\t\t\t\t<\/div>\n\t\t<\/section>\n\t\t\t\t<\/div>","protected":false},"excerpt":{"rendered":"<p>Biograf\u00eda Bryan Castillo es estudiante del Mag\u00edster de Econom\u00eda Agraria y Ambiental, Pontificia Universidad Cat\u00f3lica de Chile. Su experiencia ha sido desarrollada en el Centro de Desarrollo Urbano Sustentable (CEDEUS) &#8230; <a title=\"Bryan Castillo\" class=\"read-more\" href=\"https:\/\/cedit.cl\/en\/somos\/bryan-castillo\/\" aria-label=\"Read more about Bryan Castillo\">Leer m\u00e1s<\/a><\/p>","protected":false},"author":1,"featured_media":0,"parent":3442,"menu_order":0,"comment_status":"closed","ping_status":"closed","template":"elementor_header_footer","meta":{"_acf_changed":false,"_seopress_robots_primary_cat":"","_seopress_titles_title":"","_seopress_titles_desc":"","_seopress_robots_index":"","inline_featured_image":false,"footnotes":""},"class_list":["post-3490","page","type-page","status-publish"],"acf":[],"_links":{"self":[{"href":"https:\/\/cedit.cl\/en\/wp-json\/wp\/v2\/pages\/3490","targetHints":{"allow":["GET"]}}],"collection":[{"href":"https:\/\/cedit.cl\/en\/wp-json\/wp\/v2\/pages"}],"about":[{"href":"https:\/\/cedit.cl\/en\/wp-json\/wp\/v2\/types\/page"}],"author":[{"embeddable":true,"href":"https:\/\/cedit.cl\/en\/wp-json\/wp\/v2\/users\/1"}],"replies":[{"embeddable":true,"href":"https:\/\/cedit.cl\/en\/wp-json\/wp\/v2\/comments?post=3490"}],"version-history":[{"count":10,"href":"https:\/\/cedit.cl\/en\/wp-json\/wp\/v2\/pages\/3490\/revisions"}],"predecessor-version":[{"id":3737,"href":"https:\/\/cedit.cl\/en\/wp-json\/wp\/v2\/pages\/3490\/revisions\/3737"}],"up":[{"embeddable":true,"href":"https:\/\/cedit.cl\/en\/wp-json\/wp\/v2\/pages\/3442"}],"wp:attachment":[{"href":"https:\/\/cedit.cl\/en\/wp-json\/wp\/v2\/media?parent=3490"}],"curies":[{"name":"wp","href":"https:\/\/api.w.org\/{rel}","templated":true}]}}