{"id":3485,"date":"2023-07-06T10:38:44","date_gmt":"2023-07-06T14:38:44","guid":{"rendered":"https:\/\/cedit.cl\/?page_id=3485"},"modified":"2025-06-17T11:13:52","modified_gmt":"2025-06-17T15:13:52","slug":"krishna-veliz","status":"publish","type":"page","link":"https:\/\/cedit.cl\/en\/somos\/krishna-veliz\/","title":{"rendered":"Krishna V\u00e9liz"},"content":{"rendered":"<div data-elementor-type=\"wp-page\" data-elementor-id=\"3485\" class=\"elementor elementor-3485\" data-elementor-post-type=\"page\">\n\t\t\t\t\t\t<section class=\"elementor-section elementor-top-section elementor-element elementor-element-aef4ba0 elementor-section-boxed elementor-section-height-default elementor-section-height-default\" data-id=\"aef4ba0\" data-element_type=\"section\">\n\t\t\t\t\t\t<div class=\"elementor-container elementor-column-gap-default\">\n\t\t\t\t\t<div class=\"elementor-column elementor-col-33 elementor-top-column elementor-element elementor-element-596c869\" data-id=\"596c869\" data-element_type=\"column\">\n\t\t\t<div class=\"elementor-widget-wrap elementor-element-populated\">\n\t\t\t\t\t\t<div class=\"elementor-element elementor-element-53b2297 elementor-widget elementor-widget-image\" data-id=\"53b2297\" data-element_type=\"widget\" data-widget_type=\"image.default\">\n\t\t\t\t<div class=\"elementor-widget-container\">\n\t\t\t\t\t\t\t\t\t\t\t\t\t\t\t<img fetchpriority=\"high\" decoding=\"async\" width=\"413\" height=\"413\" src=\"https:\/\/cedit.cl\/wp-content\/uploads\/2025\/06\/Krishna-Veliz.jpg\" class=\"attachment-large size-large wp-image-3525\" alt=\"\" srcset=\"https:\/\/cedit.cl\/wp-content\/uploads\/2025\/06\/Krishna-Veliz.jpg 413w, https:\/\/cedit.cl\/wp-content\/uploads\/2025\/06\/Krishna-Veliz-300x300.jpg 300w, https:\/\/cedit.cl\/wp-content\/uploads\/2025\/06\/Krishna-Veliz-150x150.jpg 150w, https:\/\/cedit.cl\/wp-content\/uploads\/2025\/06\/Krishna-Veliz-12x12.jpg 12w\" sizes=\"(max-width: 413px) 100vw, 413px\" \/>\t\t\t\t\t\t\t\t\t\t\t\t\t\t\t<\/div>\n\t\t\t\t<\/div>\n\t\t\t\t\t<\/div>\n\t\t<\/div>\n\t\t\t\t<div class=\"elementor-column elementor-col-66 elementor-top-column elementor-element elementor-element-d86f8ef\" data-id=\"d86f8ef\" data-element_type=\"column\">\n\t\t\t<div class=\"elementor-widget-wrap elementor-element-populated\">\n\t\t\t\t\t\t<div class=\"elementor-element elementor-element-e62bfa4 elementor-widget elementor-widget-heading\" data-id=\"e62bfa4\" data-element_type=\"widget\" data-widget_type=\"heading.default\">\n\t\t\t\t<div class=\"elementor-widget-container\">\n\t\t\t\t\t<h3 class=\"elementor-heading-title elementor-size-default\">Biography<\/h3>\t\t\t\t<\/div>\n\t\t\t\t<\/div>\n\t\t\t\t<div class=\"elementor-element elementor-element-ba8443a elementor-widget elementor-widget-text-editor\" data-id=\"ba8443a\" data-element_type=\"widget\" data-widget_type=\"text-editor.default\">\n\t\t\t\t<div class=\"elementor-widget-container\">\n\t\t\t\t\t\t\t\t\t<p>Krishna Patricia V\u00e9liz Godoy holds a degree in Information and Management Control from the Universidad Cat\u00f3lica del Norte and is currently pursuing a Master's degree in Business Administration with a specialization in Entrepreneurship. She is a research fellow at CEDIT, where she leads a research project on rural entrepreneurship alongside Gianni Romani and Chiara Caffuzzi. Her expertise combines social innovation, territorial development, and the training of young leaders. Until January 2025, she was responsible for the USQAI-UCN laboratory's monitor program and collaborated with FIA on the SaviaLab program until March 2024. Currently, she promotes female talent as a mentor at Technovation Girls Chile. Passionate about social transformation from the territories, she strongly promotes participatory methodologies and impact strategies that link research, action, and community engagement.<\/p>\t\t\t\t\t\t\t\t<\/div>\n\t\t\t\t<\/div>\n\t\t\t\t<div class=\"elementor-element elementor-element-a12cea9 elementor-widget elementor-widget-spacer\" data-id=\"a12cea9\" data-element_type=\"widget\" data-widget_type=\"spacer.default\">\n\t\t\t\t<div class=\"elementor-widget-container\">\n\t\t\t\t\t\t\t<div class=\"elementor-spacer\">\n\t\t\t<div class=\"elementor-spacer-inner\"><\/div>\n\t\t<\/div>\n\t\t\t\t\t\t<\/div>\n\t\t\t\t<\/div>\n\t\t\t\t\t<\/div>\n\t\t<\/div>\n\t\t\t\t\t<\/div>\n\t\t<\/section>\n\t\t\t\t<\/div>","protected":false},"excerpt":{"rendered":"<p>Biograf\u00eda Krishna Patricia V\u00e9liz Godoy es Ingeniera en Informaci\u00f3n y Control de Gesti\u00f3n por la Universidad Cat\u00f3lica del Norte y actualmente cursa el Mag\u00edster en Ciencias Empresariales con menci\u00f3n en &#8230; <a title=\"Krishna V\u00e9liz\" class=\"read-more\" href=\"https:\/\/cedit.cl\/en\/somos\/krishna-veliz\/\" aria-label=\"Read more about Krishna V\u00e9liz\">Leer m\u00e1s<\/a><\/p>","protected":false},"author":1,"featured_media":0,"parent":3442,"menu_order":0,"comment_status":"closed","ping_status":"closed","template":"elementor_header_footer","meta":{"_acf_changed":false,"_seopress_robots_primary_cat":"","_seopress_titles_title":"","_seopress_titles_desc":"","_seopress_robots_index":"","inline_featured_image":false,"footnotes":""},"class_list":["post-3485","page","type-page","status-publish"],"acf":[],"_links":{"self":[{"href":"https:\/\/cedit.cl\/en\/wp-json\/wp\/v2\/pages\/3485","targetHints":{"allow":["GET"]}}],"collection":[{"href":"https:\/\/cedit.cl\/en\/wp-json\/wp\/v2\/pages"}],"about":[{"href":"https:\/\/cedit.cl\/en\/wp-json\/wp\/v2\/types\/page"}],"author":[{"embeddable":true,"href":"https:\/\/cedit.cl\/en\/wp-json\/wp\/v2\/users\/1"}],"replies":[{"embeddable":true,"href":"https:\/\/cedit.cl\/en\/wp-json\/wp\/v2\/comments?post=3485"}],"version-history":[{"count":10,"href":"https:\/\/cedit.cl\/en\/wp-json\/wp\/v2\/pages\/3485\/revisions"}],"predecessor-version":[{"id":3531,"href":"https:\/\/cedit.cl\/en\/wp-json\/wp\/v2\/pages\/3485\/revisions\/3531"}],"up":[{"embeddable":true,"href":"https:\/\/cedit.cl\/en\/wp-json\/wp\/v2\/pages\/3442"}],"wp:attachment":[{"href":"https:\/\/cedit.cl\/en\/wp-json\/wp\/v2\/media?parent=3485"}],"curies":[{"name":"wp","href":"https:\/\/api.w.org\/{rel}","templated":true}]}}