{"id":3483,"date":"2023-07-06T10:38:44","date_gmt":"2023-07-06T14:38:44","guid":{"rendered":"https:\/\/cedit.cl\/?page_id=3483"},"modified":"2025-08-27T16:50:19","modified_gmt":"2025-08-27T20:50:19","slug":"juan-miguel-carvajal","status":"publish","type":"page","link":"https:\/\/cedit.cl\/en\/somos\/juan-miguel-carvajal\/","title":{"rendered":"Juan Miguel Carvajal"},"content":{"rendered":"<div data-elementor-type=\"wp-page\" data-elementor-id=\"3483\" class=\"elementor elementor-3483\" data-elementor-post-type=\"page\">\n\t\t\t\t\t\t<section class=\"elementor-section elementor-top-section elementor-element elementor-element-aef4ba0 elementor-section-boxed elementor-section-height-default elementor-section-height-default\" data-id=\"aef4ba0\" data-element_type=\"section\">\n\t\t\t\t\t\t<div class=\"elementor-container elementor-column-gap-default\">\n\t\t\t\t\t<div class=\"elementor-column elementor-col-33 elementor-top-column elementor-element elementor-element-596c869\" data-id=\"596c869\" data-element_type=\"column\">\n\t\t\t<div class=\"elementor-widget-wrap elementor-element-populated\">\n\t\t\t\t\t\t<div class=\"elementor-element elementor-element-53b2297 elementor-widget elementor-widget-image\" data-id=\"53b2297\" data-element_type=\"widget\" data-widget_type=\"image.default\">\n\t\t\t\t<div class=\"elementor-widget-container\">\n\t\t\t\t\t\t\t\t\t\t\t\t\t\t\t<img decoding=\"async\" src=\"https:\/\/cedit.cl\/wp-content\/uploads\/2025\/08\/Miguel-Carvajal.jpg\" title=\"\" alt=\"\" loading=\"lazy\" \/>\t\t\t\t\t\t\t\t\t\t\t\t\t\t\t<\/div>\n\t\t\t\t<\/div>\n\t\t\t\t<div class=\"elementor-element elementor-element-c4aa392 elementor-align-left elementor-icon-list--layout-traditional elementor-list-item-link-full_width elementor-widget elementor-widget-icon-list\" data-id=\"c4aa392\" data-element_type=\"widget\" data-widget_type=\"icon-list.default\">\n\t\t\t\t<div class=\"elementor-widget-container\">\n\t\t\t\t\t\t\t<ul class=\"elementor-icon-list-items\">\n\t\t\t\t\t\t\t<li class=\"elementor-icon-list-item\">\n\t\t\t\t\t\t\t\t\t\t\t<span class=\"elementor-icon-list-icon\">\n\t\t\t\t\t\t\t<i aria-hidden=\"true\" class=\"far fa-circle\"><\/i>\t\t\t\t\t\t<\/span>\n\t\t\t\t\t\t\t\t\t\t<span class=\"elementor-icon-list-text\"><b>Fecha.<\/b> Texto<\/span>\n\t\t\t\t\t\t\t\t\t<\/li>\n\t\t\t\t\t\t<\/ul>\n\t\t\t\t\t\t<\/div>\n\t\t\t\t<\/div>\n\t\t\t\t\t<\/div>\n\t\t<\/div>\n\t\t\t\t<div class=\"elementor-column elementor-col-66 elementor-top-column elementor-element elementor-element-d86f8ef\" data-id=\"d86f8ef\" data-element_type=\"column\">\n\t\t\t<div class=\"elementor-widget-wrap elementor-element-populated\">\n\t\t\t\t\t\t<div class=\"elementor-element elementor-element-e62bfa4 elementor-widget elementor-widget-heading\" data-id=\"e62bfa4\" data-element_type=\"widget\" data-widget_type=\"heading.default\">\n\t\t\t\t<div class=\"elementor-widget-container\">\n\t\t\t\t\t<h3 class=\"elementor-heading-title elementor-size-default\">Biography<\/h3>\t\t\t\t<\/div>\n\t\t\t\t<\/div>\n\t\t\t\t<div class=\"elementor-element elementor-element-ba8443a elementor-widget elementor-widget-text-editor\" data-id=\"ba8443a\" data-element_type=\"widget\" data-widget_type=\"text-editor.default\">\n\t\t\t\t<div class=\"elementor-widget-container\">\n\t\t\t\t\t\t\t\t\t<p>Miguel Carvajal es candidato a doctor en Geograf\u00eda por la Universidad Complutense de Madrid y en Econom\u00eda Aplicada con menci\u00f3n en Estudios Regionales por la Universidad Cat\u00f3lica del Norte. Posee una Maestr\u00eda en An\u00e1lisis Econ\u00f3mico Aplicado por la Universidad de Alcal\u00e1 y una Maestr\u00eda en Desarrollo Urbano por la Pontificia Universidad Cat\u00f3lica de Chile.<\/p><p>Sus intereses de investigaci\u00f3n incluyen el crecimiento regional, las econom\u00edas de aglomeraci\u00f3n y los sistemas de ciudades. Cuenta con una amplia experiencia en planificaci\u00f3n territorial y desarrollo local en Bolivia, habiendo trabajado con ONU-Habitat y Gobiernos Regionales en la formulaci\u00f3n de planes de ordenamiento territorial y planes de uso de suelo.<\/p><p>Es investigador asociado al Departamento de Geograf\u00eda de la Universidad Complutense de Madrid, al Departamento de Econom\u00eda de la Universidad Cat\u00f3lica del Norte y al Instituto de An\u00e1lisis Econ\u00f3mico y Social de la Universidad de Alcal\u00e1. Adem\u00e1s, colabora con el N\u00facleo Milenio CEDIT y ha publicado investigaciones en revistas acad\u00e9micas sobre econom\u00eda regional, desarrollo urbano y bienestar subjetivo.<\/p>\t\t\t\t\t\t\t\t<\/div>\n\t\t\t\t<\/div>\n\t\t\t\t\t<\/div>\n\t\t<\/div>\n\t\t\t\t\t<\/div>\n\t\t<\/section>\n\t\t\t\t<\/div>","protected":false},"excerpt":{"rendered":"<p>Fecha. Texto Biograf\u00eda Miguel Carvajal es candidato a doctor en Geograf\u00eda por la Universidad Complutense de Madrid y en Econom\u00eda Aplicada con menci\u00f3n en Estudios Regionales por la Universidad Cat\u00f3lica &#8230; <a title=\"Juan Miguel Carvajal\" class=\"read-more\" href=\"https:\/\/cedit.cl\/en\/somos\/juan-miguel-carvajal\/\" aria-label=\"Read more about Juan Miguel Carvajal\">Leer m\u00e1s<\/a><\/p>","protected":false},"author":1,"featured_media":0,"parent":3442,"menu_order":0,"comment_status":"closed","ping_status":"closed","template":"elementor_header_footer","meta":{"_acf_changed":false,"_seopress_robots_primary_cat":"","_seopress_titles_title":"","_seopress_titles_desc":"","_seopress_robots_index":"","inline_featured_image":false,"footnotes":""},"class_list":["post-3483","page","type-page","status-publish"],"acf":[],"_links":{"self":[{"href":"https:\/\/cedit.cl\/en\/wp-json\/wp\/v2\/pages\/3483","targetHints":{"allow":["GET"]}}],"collection":[{"href":"https:\/\/cedit.cl\/en\/wp-json\/wp\/v2\/pages"}],"about":[{"href":"https:\/\/cedit.cl\/en\/wp-json\/wp\/v2\/types\/page"}],"author":[{"embeddable":true,"href":"https:\/\/cedit.cl\/en\/wp-json\/wp\/v2\/users\/1"}],"replies":[{"embeddable":true,"href":"https:\/\/cedit.cl\/en\/wp-json\/wp\/v2\/comments?post=3483"}],"version-history":[{"count":8,"href":"https:\/\/cedit.cl\/en\/wp-json\/wp\/v2\/pages\/3483\/revisions"}],"predecessor-version":[{"id":4037,"href":"https:\/\/cedit.cl\/en\/wp-json\/wp\/v2\/pages\/3483\/revisions\/4037"}],"up":[{"embeddable":true,"href":"https:\/\/cedit.cl\/en\/wp-json\/wp\/v2\/pages\/3442"}],"wp:attachment":[{"href":"https:\/\/cedit.cl\/en\/wp-json\/wp\/v2\/media?parent=3483"}],"curies":[{"name":"wp","href":"https:\/\/api.w.org\/{rel}","templated":true}]}}