{"id":2662,"date":"2024-04-28T20:03:26","date_gmt":"2024-04-29T00:03:26","guid":{"rendered":"https:\/\/cedit.cl\/?page_id=2662"},"modified":"2024-04-28T21:22:30","modified_gmt":"2024-04-29T01:22:30","slug":"como-se-mejora-la-gobernanza-regional","status":"publish","type":"page","link":"https:\/\/cedit.cl\/en\/primer-indice-de-la-calidad-de-la-gobernanza-en-chile\/como-se-mejora-la-gobernanza-regional\/","title":{"rendered":"C\u00f3mo se mejora la gobernanza regional"},"content":{"rendered":"<div data-elementor-type=\"wp-page\" data-elementor-id=\"2662\" class=\"elementor elementor-2662\" data-elementor-post-type=\"page\">\n\t\t\t\t\t\t<section class=\"elementor-section elementor-top-section elementor-element elementor-element-70a5cdb elementor-section-boxed elementor-section-height-default elementor-section-height-default\" data-id=\"70a5cdb\" data-element_type=\"section\">\n\t\t\t\t\t\t<div class=\"elementor-container elementor-column-gap-default\">\n\t\t\t\t\t<div class=\"elementor-column elementor-col-100 elementor-top-column elementor-element elementor-element-cc3096c\" data-id=\"cc3096c\" data-element_type=\"column\">\n\t\t\t<div class=\"elementor-widget-wrap elementor-element-populated\">\n\t\t\t\t\t\t<div class=\"elementor-element elementor-element-a8be7ea elementor-widget elementor-widget-text-editor\" data-id=\"a8be7ea\" data-element_type=\"widget\" data-widget_type=\"text-editor.default\">\n\t\t\t\t<div class=\"elementor-widget-container\">\n\t\t\t\t\t\t\t\t\t<p>La buena gobernanza se relaciona con el \u00e9xito de las pol\u00edticas p\u00fablicas y la capacidad de los gobiernos y sus instituciones para mejorar el bienestar de sus poblaciones. Si miramos la evidencia entre pa\u00edses sobre gobernanza y desarrollo, observaremos que estas se correlacionan positivamente. Los pa\u00edses con mejores \u00edndices de gobernanza tienden a tener mayores niveles de ingresos per c\u00e1pita (Furceri &amp; Mourougane, 2010) Asimismo, las regiones con mejores \u00edndices de calidad de la gobernanza regional tienen niveles m\u00e1s elevados de bienestar, medidos por ingresos o seg\u00fan el \u00cdndice de Desarrollo Humano (IDH), (Charron et al., 2014).<\/p><p>Sin embargo, si miramos a las 16 regiones de Chile, es m\u00e1s dif\u00edcil encontrar estas correlaciones, ya que se revisa un n\u00famero reducido de observaciones para deducir relaciones estad\u00edsticas. De hecho, no existe una correlaci\u00f3n estad\u00edsticamente significativa en Chile entre los niveles de ingreso per c\u00e1pita de las regiones y la calidad de la gobernanza de las mismas. Semejante resultado vale para el \u00cdndice de Desarrollo Humano o los niveles de pobreza de las regiones: a nivel de las regiones de Chile no existe correlaci\u00f3n entre medidas de bienestar y gobernanza.<\/p><p>En cambio, en Chile s\u00ed hay una relaci\u00f3n significativa entre los niveles de desigualdad econ\u00f3mica y el \u00cdndice de la Calidad de la Gobernanza Regional, y esta relaci\u00f3n es incluso m\u00e1s acentuada para el sub\u00edndice de probidad. Las regiones con mayor desigualdad econ\u00f3mica, medida por el \u00edndice GINI de los ingresos, tienen peor calidad de la gobernanza y peores \u00edndices de probidad, como se muestra en la Figura 10. La desigualdad econ\u00f3mica se relaciona frecuentemente con asimetr\u00edas de poder y estas \u00faltimas, como enfatiza la literatura, erosionan la gobernanza. La desigualdad, asimismo, reduce la capacidad de participar e influir de la sociedad civil, y tambi\u00e9n la facultad de vigilancia de esta misma, retroalimentando el efecto deteriorador sobre la calidad de la gobernanza que alimenta la desigualdad.<\/p>\t\t\t\t\t\t\t\t<\/div>\n\t\t\t\t<\/div>\n\t\t\t\t<div class=\"elementor-element elementor-element-8620fff elementor-widget elementor-widget-image\" data-id=\"8620fff\" data-element_type=\"widget\" data-widget_type=\"image.default\">\n\t\t\t\t<div class=\"elementor-widget-container\">\n\t\t\t\t\t\t\t\t\t\t\t\t\t\t\t<img fetchpriority=\"high\" decoding=\"async\" width=\"853\" height=\"602\" src=\"https:\/\/cedit.cl\/wp-content\/uploads\/2024\/04\/Figura-10.jpg\" class=\"attachment-large size-large wp-image-2664\" alt=\"\" srcset=\"https:\/\/cedit.cl\/wp-content\/uploads\/2024\/04\/Figura-10.jpg 853w, https:\/\/cedit.cl\/wp-content\/uploads\/2024\/04\/Figura-10-300x212.jpg 300w, https:\/\/cedit.cl\/wp-content\/uploads\/2024\/04\/Figura-10-768x542.jpg 768w\" sizes=\"(max-width: 853px) 100vw, 853px\" \/>\t\t\t\t\t\t\t\t\t\t\t\t\t\t\t<\/div>\n\t\t\t\t<\/div>\n\t\t\t\t<div class=\"elementor-element elementor-element-0b2dc0b elementor-widget elementor-widget-text-editor\" data-id=\"0b2dc0b\" data-element_type=\"widget\" data-widget_type=\"text-editor.default\">\n\t\t\t\t<div class=\"elementor-widget-container\">\n\t\t\t\t\t\t\t\t\t<p>La relaci\u00f3n entre la gobernanza y el bienestar de las poblaciones es compleja y se asemeja al proverbial problema del huevo o la gallina. Los pa\u00edses o regiones con buena gobernanza utilizan de manera eficiente sus recursos e implementan de mejor manera sus pol\u00edticas p\u00fablicas, y por ello tienen mejores niveles de bienestar. Pero al mismo tiempo, los pa\u00edses o regiones m\u00e1s desarrollados tienen burocracias mejor capacitadas e instituciones m\u00e1s eficientes, y por ello tienen mejor gobernanza. Las regiones con mala gobernanza generalmente est\u00e1n atrapadas en c\u00edrculos viciosos en que la mala gobernanza causa bajos niveles de bienestar, y la escasez de recursos asociada refuerza la mala gobernanza. Por ello, mejorar la gobernanza es un desaf\u00edo complejo que implica transformar c\u00edrculos viciosos en c\u00edrculos virtuosos, en contextos donde la inercia de la historia y la cultura son importantes condicionantes de la calidad de la gobernanza.<\/p><p>A pesar de las inherentes dificultades, se pueden proponer ciertas recomendaciones generales que han sido sugeridas por diferentes pensadores. En primer lugar, es necesario invertir en las capacidades de los recursos humanos de las burocracias locales, y motivar la retenci\u00f3n local de dichas capacidades. En algunas regiones con calidad de la gobernanza deficitaria, esta recomendaci\u00f3n reviste mayor urgencia.<\/p><p>Por otro lado, la gobernanza nacional afecta la gobernanza regional, y el fortalecimiento de las instituciones asociadas al imperio de la ley, como la Fiscal\u00eda, la Contralor\u00eda y el Poder Judicial, entre otras, pueden impactar positivamente la gobernanza regional.<\/p><p>Tambi\u00e9n es importante fortalecer las voces de los distintos intereses locales, lo que contrarresta las asimetr\u00edas de poder que debilitan la gobernanza, promoviendo la participaci\u00f3n e inclusi\u00f3n: se debe promover la acci\u00f3n colectiva.<\/p><p>Por \u00faltimo, se debe aumentar y promover la transparencia de las instituciones p\u00fablicas para promover la participaci\u00f3n y aumentar la vigilancia ciudadana.<\/p><p>El \u00cdndice de la Calidad de la Gobernanza Regional, que aqu\u00ed presentamos, es un bien p\u00fablico que ofrece datos para el an\u00e1lisis y estudio de la gobernanza y sus determinantes en Chile. El \u00edndice tambi\u00e9n es una contribuci\u00f3n para Chile y sus regiones estableciendo una l\u00ednea base para la comparaci\u00f3n entre regiones y en el tiempo, en el camino continuo de mejora de la gobernanza para el bienestar de todos.<\/p>\t\t\t\t\t\t\t\t<\/div>\n\t\t\t\t<\/div>\n\t\t\t\t<div class=\"elementor-element elementor-element-445e488 elementor-widget elementor-widget-text-editor\" data-id=\"445e488\" data-element_type=\"widget\" data-widget_type=\"text-editor.default\">\n\t\t\t\t<div class=\"elementor-widget-container\">\n\t\t\t\t\t\t\t\t\t<p><strong>Referencias<\/strong><\/p><p>Charron, N., Dijkstra, L., &amp; Lapuente, V. (2014). Regional Governance Matters: Quality of Government within European Union Member States. <em>Regional Studies<\/em>, <em>48<\/em>(1), 68\u201390. <a href=\"https:\/\/doi.org\/10.1080\/00343404.2013.770141\">https:\/\/doi.org\/10.1080\/00343404.2013.770141<\/a><\/p><p>Charron, N., Lapuente, V., &amp; Annoni, P. (2019). Measuring quality of government in EU regions across space and time. <em>Papers in Regional Science<\/em>, <em>98<\/em>(5). <a href=\"https:\/\/doi.org\/10.1111\/pirs.12437\">https:\/\/doi.org\/10.1111\/pirs.12437<\/a><\/p><p>Di Cataldo, M., &amp; Rodr\u00edguez-Pose, A. (2017). What drives employment growth and social inclusion in the regions of the European Union? <em>Regional Studies<\/em>, <em>51<\/em>(12), 1840\u20131859. <a href=\"https:\/\/doi.org\/10.1080\/00343404.2016.1255320\">https:\/\/doi.org\/10.1080\/00343404.2016.1255320<\/a><\/p><p>European Commission. (2022). <em>Measuring the Quality of Government at the Sub-National Level<\/em>.<\/p><p>Fukuyama, F. (2013). What Is Governance? <em>Governance<\/em>, <em>26<\/em>(3), 347\u2013368. <a href=\"https:\/\/doi.org\/10.1111\/gove.12035\">https:\/\/doi.org\/10.1111\/gove.12035<\/a><\/p><p>Furceri, D., &amp; Mourougane, A. (2010). Structural indicators. A critical review. <em>OECD Journal: Economic Studies<\/em>, <em>2010<\/em>(1).<\/p><p>Taylor, Z. (2016). <em>Good Governance at the Local Level: Meaning and Measurement<\/em>. Institute on Municipal Finance and Governance. <a href=\"https:\/\/tspace.library.utoronto.ca\/handle\/1807\/81210\">https:\/\/tspace.library.utoronto.ca\/handle\/1807\/81210<\/a><\/p><p>World Bank. (2017). World Development Report 2017: Governance and the Law. In <em>World Development Report 2017: Governance and the Law<\/em>. Washington, DC: World Bank. <a href=\"https:\/\/doi.org\/10.1596\/978-1-4648-0950-7\">https:\/\/doi.org\/10.1596\/978-1-4648-0950-7<\/a><\/p>\t\t\t\t\t\t\t\t<\/div>\n\t\t\t\t<\/div>\n\t\t\t\t<div class=\"elementor-element elementor-element-bf72804 elementor-align-center elementor-widget elementor-widget-button\" data-id=\"bf72804\" data-element_type=\"widget\" data-widget_type=\"button.default\">\n\t\t\t\t<div class=\"elementor-widget-container\">\n\t\t\t\t\t\t\t\t\t<div class=\"elementor-button-wrapper\">\n\t\t\t\t\t<a class=\"elementor-button elementor-button-link elementor-size-sm\" href=\"https:\/\/cedit.cl\/en\/primer-indice-de-la-calidad-de-la-gobernanza-en-chile\/\">\n\t\t\t\t\t\t<span class=\"elementor-button-content-wrapper\">\n\t\t\t\t\t\t\t\t\t<span class=\"elementor-button-text\">Volver al Inicio<\/span>\n\t\t\t\t\t<\/span>\n\t\t\t\t\t<\/a>\n\t\t\t\t<\/div>\n\t\t\t\t\t\t\t\t<\/div>\n\t\t\t\t<\/div>\n\t\t\t\t\t<\/div>\n\t\t<\/div>\n\t\t\t\t\t<\/div>\n\t\t<\/section>\n\t\t\t\t<\/div>","protected":false},"excerpt":{"rendered":"<p>La buena gobernanza se relaciona con el \u00e9xito de las pol\u00edticas p\u00fablicas y la capacidad de los gobiernos y sus instituciones para mejorar el bienestar de sus poblaciones. Si miramos &#8230; <a title=\"C\u00f3mo se mejora la gobernanza regional\" class=\"read-more\" href=\"https:\/\/cedit.cl\/en\/primer-indice-de-la-calidad-de-la-gobernanza-en-chile\/como-se-mejora-la-gobernanza-regional\/\" aria-label=\"Read more about C\u00f3mo se mejora la gobernanza regional\">Leer m\u00e1s<\/a><\/p>","protected":false},"author":1,"featured_media":0,"parent":2599,"menu_order":6,"comment_status":"closed","ping_status":"closed","template":"","meta":{"_acf_changed":false,"_seopress_robots_primary_cat":"","_seopress_titles_title":"","_seopress_titles_desc":"","_seopress_robots_index":"","inline_featured_image":false,"footnotes":""},"class_list":["post-2662","page","type-page","status-publish"],"acf":[],"_links":{"self":[{"href":"https:\/\/cedit.cl\/en\/wp-json\/wp\/v2\/pages\/2662","targetHints":{"allow":["GET"]}}],"collection":[{"href":"https:\/\/cedit.cl\/en\/wp-json\/wp\/v2\/pages"}],"about":[{"href":"https:\/\/cedit.cl\/en\/wp-json\/wp\/v2\/types\/page"}],"author":[{"embeddable":true,"href":"https:\/\/cedit.cl\/en\/wp-json\/wp\/v2\/users\/1"}],"replies":[{"embeddable":true,"href":"https:\/\/cedit.cl\/en\/wp-json\/wp\/v2\/comments?post=2662"}],"version-history":[{"count":7,"href":"https:\/\/cedit.cl\/en\/wp-json\/wp\/v2\/pages\/2662\/revisions"}],"predecessor-version":[{"id":2697,"href":"https:\/\/cedit.cl\/en\/wp-json\/wp\/v2\/pages\/2662\/revisions\/2697"}],"up":[{"embeddable":true,"href":"https:\/\/cedit.cl\/en\/wp-json\/wp\/v2\/pages\/2599"}],"wp:attachment":[{"href":"https:\/\/cedit.cl\/en\/wp-json\/wp\/v2\/media?parent=2662"}],"curies":[{"name":"wp","href":"https:\/\/api.w.org\/{rel}","templated":true}]}}