{"id":2657,"date":"2024-04-28T19:59:32","date_gmt":"2024-04-28T23:59:32","guid":{"rendered":"https:\/\/cedit.cl\/?page_id=2657"},"modified":"2024-04-28T21:19:51","modified_gmt":"2024-04-29T01:19:51","slug":"gobernanza-regional-y-descentralizacion","status":"publish","type":"page","link":"https:\/\/cedit.cl\/en\/primer-indice-de-la-calidad-de-la-gobernanza-en-chile\/gobernanza-regional-y-descentralizacion\/","title":{"rendered":"Gobernanza regional y descentralizaci\u00f3n"},"content":{"rendered":"<div data-elementor-type=\"wp-page\" data-elementor-id=\"2657\" class=\"elementor elementor-2657\" data-elementor-post-type=\"page\">\n\t\t\t\t\t\t<section class=\"elementor-section elementor-top-section elementor-element elementor-element-3c99da4 elementor-section-boxed elementor-section-height-default elementor-section-height-default\" data-id=\"3c99da4\" data-element_type=\"section\">\n\t\t\t\t\t\t<div class=\"elementor-container elementor-column-gap-default\">\n\t\t\t\t\t<div class=\"elementor-column elementor-col-100 elementor-top-column elementor-element elementor-element-e51e536\" data-id=\"e51e536\" data-element_type=\"column\">\n\t\t\t<div class=\"elementor-widget-wrap elementor-element-populated\">\n\t\t\t\t\t\t<div class=\"elementor-element elementor-element-9c3f114 elementor-widget elementor-widget-text-editor\" data-id=\"9c3f114\" data-element_type=\"widget\" data-widget_type=\"text-editor.default\">\n\t\t\t\t<div class=\"elementor-widget-container\">\n\t\t\t\t\t\t\t\t\t<p>La descentralizaci\u00f3n en general ayuda a la gobernanza local, ya que permite que pol\u00edticas complejas se adapten a las realidades locales, particularmente cuando hay heterogeneidad entre las regiones y mucha informaci\u00f3n local que debe alcanzar al centro de decisi\u00f3n. Sin embargo, hay una tensi\u00f3n en el nivel de descentralizaci\u00f3n cuando existe una pronunciada desigualdad en las capacidades de las burocracias del centro y las regiones.<\/p><p>Asimismo, el \u00e9xito de los gobiernos locales est\u00e1 \u00edntimamente relacionado con el pilar de participaci\u00f3n ciudadana y rendici\u00f3n de cuentas de la gobernanza. Algunos pensadores pol\u00edticos sugieren que el nivel de descentralizaci\u00f3n \u00f3ptimo aumenta con la capacidad de las burocracias locales. Cuando las burocracias locales son d\u00e9biles por corrupci\u00f3n o capacidades, lo \u00f3ptimo es que las decisiones se tomen en el centro administrativo del pa\u00eds, donde se concentran las capacidades. Sin embargo, a medida que los pa\u00edses se desarrollan, las capacidades locales aumentan y ello hace deseable, desde la perspectiva de la calidad de la gobernanza, niveles crecientes de autonom\u00eda (Fukuyama, 2013). La creciente demanda por autonom\u00eda en el pa\u00eds, por lo tanto, se enmarca en el contexto de una naci\u00f3n que se desarrolla y en el que aumentan las capacidades locales.<\/p><p>La reforma constitucional de 2016, que estableci\u00f3 la elecci\u00f3n de los gobiernos regionales, representa un hito trascendente en el proceso de descentralizaci\u00f3n en Chile. Cuando a\u00fan no terminan los primeros ciclos de gobiernos regionales, los esc\u00e1ndalos de corrupci\u00f3n en torno al llamado \u201cCaso Convenios\u201d representan un cuestionamiento al proceso de descentralizaci\u00f3n. En este contexto, el \u00edndice de calidad de la gobernanza regional sirve para evaluar de manera parsimoniosa el proceso de descentralizaci\u00f3n.<\/p><p>El \u00cdndice de la Calidad de la Gobernanza Regional demuestra que solo 5 de las 16 regiones de Chile tienen un indicador de gobernanza inferior a la Regi\u00f3n Metropolitana. Esto refuerza la idea de que, a pesar de algunos esc\u00e1ndalos particulares, desde la perspectiva de la gobernanza, la mayor\u00eda de las regiones est\u00e1 igual o mejor preparada que el centro para recibir crecientes niveles de autonom\u00eda. Sin embargo, la heterogeneidad descubierta en la calidad de la gobernanza invita a pensar en acompa\u00f1ar el proceso de descentralizaci\u00f3n con inversiones complementarias que fortalezcan las gobernanzas regionales.<\/p>\t\t\t\t\t\t\t\t<\/div>\n\t\t\t\t<\/div>\n\t\t\t\t<div class=\"elementor-element elementor-element-8138af8 elementor-align-center elementor-widget elementor-widget-button\" data-id=\"8138af8\" data-element_type=\"widget\" data-widget_type=\"button.default\">\n\t\t\t\t<div class=\"elementor-widget-container\">\n\t\t\t\t\t\t\t\t\t<div class=\"elementor-button-wrapper\">\n\t\t\t\t\t<a class=\"elementor-button elementor-button-link elementor-size-sm\" href=\"https:\/\/cedit.cl\/en\/primer-indice-de-la-calidad-de-la-gobernanza-en-chile\/como-se-mejora-la-gobernanza-regional\/\">\n\t\t\t\t\t\t<span class=\"elementor-button-content-wrapper\">\n\t\t\t\t\t\t<span class=\"elementor-button-icon\">\n\t\t\t\t<i aria-hidden=\"true\" class=\"fas fa-arrow-alt-circle-right\"><\/i>\t\t\t<\/span>\n\t\t\t\t\t\t\t\t\t<span class=\"elementor-button-text\">Siguiente<\/span>\n\t\t\t\t\t<\/span>\n\t\t\t\t\t<\/a>\n\t\t\t\t<\/div>\n\t\t\t\t\t\t\t\t<\/div>\n\t\t\t\t<\/div>\n\t\t\t\t\t<\/div>\n\t\t<\/div>\n\t\t\t\t\t<\/div>\n\t\t<\/section>\n\t\t\t\t<\/div>","protected":false},"excerpt":{"rendered":"<p>La descentralizaci\u00f3n en general ayuda a la gobernanza local, ya que permite que pol\u00edticas complejas se adapten a las realidades locales, particularmente cuando hay heterogeneidad entre las regiones y mucha &#8230; <a title=\"Gobernanza regional y descentralizaci\u00f3n\" class=\"read-more\" href=\"https:\/\/cedit.cl\/en\/primer-indice-de-la-calidad-de-la-gobernanza-en-chile\/gobernanza-regional-y-descentralizacion\/\" aria-label=\"Read more about Gobernanza regional y descentralizaci\u00f3n\">Leer m\u00e1s<\/a><\/p>","protected":false},"author":1,"featured_media":0,"parent":2599,"menu_order":0,"comment_status":"closed","ping_status":"closed","template":"","meta":{"_acf_changed":false,"_seopress_robots_primary_cat":"","_seopress_titles_title":"","_seopress_titles_desc":"","_seopress_robots_index":"","inline_featured_image":false,"footnotes":""},"class_list":["post-2657","page","type-page","status-publish"],"acf":[],"_links":{"self":[{"href":"https:\/\/cedit.cl\/en\/wp-json\/wp\/v2\/pages\/2657","targetHints":{"allow":["GET"]}}],"collection":[{"href":"https:\/\/cedit.cl\/en\/wp-json\/wp\/v2\/pages"}],"about":[{"href":"https:\/\/cedit.cl\/en\/wp-json\/wp\/v2\/types\/page"}],"author":[{"embeddable":true,"href":"https:\/\/cedit.cl\/en\/wp-json\/wp\/v2\/users\/1"}],"replies":[{"embeddable":true,"href":"https:\/\/cedit.cl\/en\/wp-json\/wp\/v2\/comments?post=2657"}],"version-history":[{"count":7,"href":"https:\/\/cedit.cl\/en\/wp-json\/wp\/v2\/pages\/2657\/revisions"}],"predecessor-version":[{"id":2694,"href":"https:\/\/cedit.cl\/en\/wp-json\/wp\/v2\/pages\/2657\/revisions\/2694"}],"up":[{"embeddable":true,"href":"https:\/\/cedit.cl\/en\/wp-json\/wp\/v2\/pages\/2599"}],"wp:attachment":[{"href":"https:\/\/cedit.cl\/en\/wp-json\/wp\/v2\/media?parent=2657"}],"curies":[{"name":"wp","href":"https:\/\/api.w.org\/{rel}","templated":true}]}}