{"id":2633,"date":"2024-04-28T19:41:29","date_gmt":"2024-04-28T23:41:29","guid":{"rendered":"https:\/\/cedit.cl\/?page_id=2633"},"modified":"2024-04-28T20:18:09","modified_gmt":"2024-04-29T00:18:09","slug":"metodologia-del-indice-de-la-calidad-de-la-gobernanza-regional","status":"publish","type":"page","link":"https:\/\/cedit.cl\/en\/primer-indice-de-la-calidad-de-la-gobernanza-en-chile\/metodologia-del-indice-de-la-calidad-de-la-gobernanza-regional\/","title":{"rendered":"Metodolog\u00eda del \u00cdndice de la Calidad de la Gobernanza Regional"},"content":{"rendered":"<div data-elementor-type=\"wp-page\" data-elementor-id=\"2633\" class=\"elementor elementor-2633\" data-elementor-post-type=\"page\">\n\t\t\t\t\t\t<section class=\"elementor-section elementor-top-section elementor-element elementor-element-d1a9fc9 elementor-section-boxed elementor-section-height-default elementor-section-height-default\" data-id=\"d1a9fc9\" data-element_type=\"section\">\n\t\t\t\t\t\t<div class=\"elementor-container elementor-column-gap-default\">\n\t\t\t\t\t<div class=\"elementor-column elementor-col-100 elementor-top-column elementor-element elementor-element-3727959\" data-id=\"3727959\" data-element_type=\"column\">\n\t\t\t<div class=\"elementor-widget-wrap elementor-element-populated\">\n\t\t\t\t\t\t<div class=\"elementor-element elementor-element-ffb1a37 elementor-widget elementor-widget-text-editor\" data-id=\"ffb1a37\" data-element_type=\"widget\" data-widget_type=\"text-editor.default\">\n\t\t\t\t<div class=\"elementor-widget-container\">\n\t\t\t\t\t\t\t\t\t<p>Para medir la calidad de la gobernanza regional, el CEDIT decidi\u00f3 implementar la metodolog\u00eda desarrollada por acad\u00e9micos suecos y posteriormente adoptada por la Uni\u00f3n Europea. En Europa, este \u00edndice ya lleva cuatro rondas de medici\u00f3n entre el 2010 y 2021 (Charron et al., 2014, 2019; European Commission, 2022). Este enfoque consiste en realizar encuestas en las distintas regiones que capturan la calidad de los servicios p\u00fablicos, la imparcialidad en la entrega de estos servicios y la prevalencia de la corrupci\u00f3n.<\/p><p>El CEDIT levant\u00f3 la misma encuesta (con preguntas contextualizada a la realidad nacional) en Chile, pues permite una metodolog\u00eda validada a trav\u00e9s del tiempo para medir la gobernanza regional, pero quiz\u00e1s m\u00e1s importante a\u00fan, permite comparar la realidad de las regiones de Chile con lo que ocurre en Europa. Asimismo, esta metodolog\u00eda permitir\u00e1 al centro y a la comunidad acad\u00e9mica estudios m\u00e1s detallados sobre la gobernanza utilizando un banco de datos internacional, lo que entregar\u00e1 adem\u00e1s, informaci\u00f3n relevante para los tomadores de decisiones.<\/p><p>El cuestionario aplicado en Europa fue modificado para adecuarlo a la realidad chilena y se compuso de 38 preguntas, incluyendo las 21 que se utilizan en la construcci\u00f3n del \u00edndice. El levantamiento de las 4.000 encuestas (250 por cada regi\u00f3n) fue realizado por la firma IPSOS, que aplic\u00f3 las encuestas durante los meses de noviembre y diciembre de 2023.<\/p><p>El m\u00e9todo de levantamiento fue el de encuestas autoaplicadas v\u00eda Web, utilizando el Panel de Ipsos Chile. Dada la amplia cobertura nacional y por distintos segmentos sociodemogr\u00e1ficos, fue posible medir de manera online a toda la muestra, sin necesidad de complemento mediante otra t\u00e9cnica muestral. La t\u00e9cnica de muestreo es no probabil\u00edstica, pero estratificada por regi\u00f3n y segmentos demogr\u00e1ficos. Luego, para calcular los promedios regionales, necesarios para la construcci\u00f3n del \u00edndice, se utilizaron pesos provenientes de una post estratificaci\u00f3n basados en la composici\u00f3n demogr\u00e1fica y por grupo socioecon\u00f3mico de la poblaci\u00f3n de cada regi\u00f3n, seg\u00fan el Censo 2017.<\/p><p>El \u00cdndice de la Calidad de la Gobernanza es el promedio simple de tres sub-\u00edndices que se estiman de manera separada por el m\u00e9todo de los componentes principales: un \u00edndice de calidad de los servicios p\u00fablicos, un \u00edndice de imparcialidad en los servicios p\u00fablicos y un \u00edndice de probidad o ausencia de corrupci\u00f3n. Estos \u00edndices se construyen utilizando los promedios regionales para las preguntas del cuestionario, incluyendo las 16 regiones chilenas y las 218 regiones provenientes de los 27 Estados miembros de la Uni\u00f3n Europea, donde dicho organismo levant\u00f3 la misma encuesta durante 2021. Es importante notar que, si bien el \u00edndice de la calidad de la gobernanza se estructura en torno a los ejes de calidad, imparcialidad y corrupci\u00f3n, las preguntas con las que se construyen estos \u00edndices cubren los cuatro pilares identificados por la literatura y enfatizados por el CEDIT: la calidad y eficiencia de las burocracias locales; probidad; el imperio de la ley; y participaci\u00f3n ciudadana y rendici\u00f3n de cuentas (Charron et al., 2014).<\/p>\t\t\t\t\t\t\t\t<\/div>\n\t\t\t\t<\/div>\n\t\t\t\t<div class=\"elementor-element elementor-element-e445d7e elementor-align-center elementor-widget elementor-widget-button\" data-id=\"e445d7e\" data-element_type=\"widget\" data-widget_type=\"button.default\">\n\t\t\t\t<div class=\"elementor-widget-container\">\n\t\t\t\t\t\t\t\t\t<div class=\"elementor-button-wrapper\">\n\t\t\t\t\t<a class=\"elementor-button elementor-button-link elementor-size-sm\" href=\"https:\/\/cedit.cl\/en\/primer-indice-de-la-calidad-de-la-gobernanza-en-chile\/la-calidad-de-la-gobernanza-regional-chile-en-comparacion-a-la-union-europea\/\">\n\t\t\t\t\t\t<span class=\"elementor-button-content-wrapper\">\n\t\t\t\t\t\t<span class=\"elementor-button-icon\">\n\t\t\t\t<i aria-hidden=\"true\" class=\"fas fa-arrow-alt-circle-right\"><\/i>\t\t\t<\/span>\n\t\t\t\t\t\t\t\t\t<span class=\"elementor-button-text\">Siguiente<\/span>\n\t\t\t\t\t<\/span>\n\t\t\t\t\t<\/a>\n\t\t\t\t<\/div>\n\t\t\t\t\t\t\t\t<\/div>\n\t\t\t\t<\/div>\n\t\t\t\t\t<\/div>\n\t\t<\/div>\n\t\t\t\t\t<\/div>\n\t\t<\/section>\n\t\t\t\t<\/div>","protected":false},"excerpt":{"rendered":"<p>Para medir la calidad de la gobernanza regional, el CEDIT decidi\u00f3 implementar la metodolog\u00eda desarrollada por acad\u00e9micos suecos y posteriormente adoptada por la Uni\u00f3n Europea. En Europa, este \u00edndice ya &#8230; <a title=\"Metodolog\u00eda del \u00cdndice de la Calidad de la Gobernanza Regional\" class=\"read-more\" href=\"https:\/\/cedit.cl\/en\/primer-indice-de-la-calidad-de-la-gobernanza-en-chile\/metodologia-del-indice-de-la-calidad-de-la-gobernanza-regional\/\" aria-label=\"Read more about Metodolog\u00eda del \u00cdndice de la Calidad de la Gobernanza Regional\">Leer m\u00e1s<\/a><\/p>","protected":false},"author":1,"featured_media":0,"parent":2599,"menu_order":0,"comment_status":"closed","ping_status":"closed","template":"","meta":{"_acf_changed":false,"_seopress_robots_primary_cat":"","_seopress_titles_title":"","_seopress_titles_desc":"","_seopress_robots_index":"","inline_featured_image":false,"footnotes":""},"class_list":["post-2633","page","type-page","status-publish"],"acf":[],"_links":{"self":[{"href":"https:\/\/cedit.cl\/en\/wp-json\/wp\/v2\/pages\/2633","targetHints":{"allow":["GET"]}}],"collection":[{"href":"https:\/\/cedit.cl\/en\/wp-json\/wp\/v2\/pages"}],"about":[{"href":"https:\/\/cedit.cl\/en\/wp-json\/wp\/v2\/types\/page"}],"author":[{"embeddable":true,"href":"https:\/\/cedit.cl\/en\/wp-json\/wp\/v2\/users\/1"}],"replies":[{"embeddable":true,"href":"https:\/\/cedit.cl\/en\/wp-json\/wp\/v2\/comments?post=2633"}],"version-history":[{"count":7,"href":"https:\/\/cedit.cl\/en\/wp-json\/wp\/v2\/pages\/2633\/revisions"}],"predecessor-version":[{"id":2682,"href":"https:\/\/cedit.cl\/en\/wp-json\/wp\/v2\/pages\/2633\/revisions\/2682"}],"up":[{"embeddable":true,"href":"https:\/\/cedit.cl\/en\/wp-json\/wp\/v2\/pages\/2599"}],"wp:attachment":[{"href":"https:\/\/cedit.cl\/en\/wp-json\/wp\/v2\/media?parent=2633"}],"curies":[{"name":"wp","href":"https:\/\/api.w.org\/{rel}","templated":true}]}}