{"id":2462,"date":"2023-07-06T10:38:44","date_gmt":"2023-07-06T14:38:44","guid":{"rendered":"https:\/\/centrocedit.cl\/?page_id=2462"},"modified":"2025-06-17T12:31:22","modified_gmt":"2025-06-17T16:31:22","slug":"benjamin-jara","status":"publish","type":"page","link":"https:\/\/cedit.cl\/en\/somos\/benjamin-jara\/","title":{"rendered":"Benjam\u00edn Jara"},"content":{"rendered":"<div data-elementor-type=\"wp-page\" data-elementor-id=\"2462\" class=\"elementor elementor-2462\" data-elementor-post-type=\"page\">\n\t\t\t\t\t\t<section class=\"elementor-section elementor-top-section elementor-element elementor-element-aef4ba0 elementor-section-boxed elementor-section-height-default elementor-section-height-default\" data-id=\"aef4ba0\" data-element_type=\"section\">\n\t\t\t\t\t\t<div class=\"elementor-container elementor-column-gap-default\">\n\t\t\t\t\t<div class=\"elementor-column elementor-col-33 elementor-top-column elementor-element elementor-element-596c869\" data-id=\"596c869\" data-element_type=\"column\">\n\t\t\t<div class=\"elementor-widget-wrap elementor-element-populated\">\n\t\t\t\t\t\t<div class=\"elementor-element elementor-element-53b2297 elementor-widget elementor-widget-image\" data-id=\"53b2297\" data-element_type=\"widget\" data-widget_type=\"image.default\">\n\t\t\t\t<div class=\"elementor-widget-container\">\n\t\t\t\t\t\t\t\t\t\t\t\t\t\t\t<img fetchpriority=\"high\" decoding=\"async\" width=\"768\" height=\"1024\" src=\"https:\/\/cedit.cl\/wp-content\/uploads\/2023\/10\/20231010_134337-1-768x1024.jpg\" class=\"attachment-large size-large wp-image-2521\" alt=\"\" srcset=\"https:\/\/cedit.cl\/wp-content\/uploads\/2023\/10\/20231010_134337-1-768x1024.jpg 768w, https:\/\/cedit.cl\/wp-content\/uploads\/2023\/10\/20231010_134337-1-225x300.jpg 225w, https:\/\/cedit.cl\/wp-content\/uploads\/2023\/10\/20231010_134337-1-1152x1536.jpg 1152w, https:\/\/cedit.cl\/wp-content\/uploads\/2023\/10\/20231010_134337-1-1536x2048.jpg 1536w, https:\/\/cedit.cl\/wp-content\/uploads\/2023\/10\/20231010_134337-1-scaled.jpg 1920w\" sizes=\"(max-width: 768px) 100vw, 768px\" \/>\t\t\t\t\t\t\t\t\t\t\t\t\t\t\t<\/div>\n\t\t\t\t<\/div>\n\t\t\t\t\t<\/div>\n\t\t<\/div>\n\t\t\t\t<div class=\"elementor-column elementor-col-66 elementor-top-column elementor-element elementor-element-d86f8ef\" data-id=\"d86f8ef\" data-element_type=\"column\">\n\t\t\t<div class=\"elementor-widget-wrap elementor-element-populated\">\n\t\t\t\t\t\t<div class=\"elementor-element elementor-element-e62bfa4 elementor-widget elementor-widget-heading\" data-id=\"e62bfa4\" data-element_type=\"widget\" data-widget_type=\"heading.default\">\n\t\t\t\t<div class=\"elementor-widget-container\">\n\t\t\t\t\t<h3 class=\"elementor-heading-title elementor-size-default\">Biography<\/h3>\t\t\t\t<\/div>\n\t\t\t\t<\/div>\n\t\t\t\t<div class=\"elementor-element elementor-element-ba8443a elementor-widget elementor-widget-text-editor\" data-id=\"ba8443a\" data-element_type=\"widget\" data-widget_type=\"text-editor.default\">\n\t\t\t\t<div class=\"elementor-widget-container\">\n\t\t\t\t\t\t\t\t\t<p>Benjam\u00edn Jara is an independent researcher and consultant with relevant experience in social sciences and applied research on disasters, social vulnerability, labor markets, and economic geography, specializing in quantitative analysis. He holds a degree in Agricultural Engineering and a Master's degree in Agricultural Economics from the Pontifical Catholic University of Chile. He also holds a PhD in Agricultural, Environmental, and Development Economics from The Ohio State University. His research interests include subjective well-being, quantitative studies in disaster scenarios, economics applied to regional-spatial issues, and inter- and transdisciplinary intersections.<\/p><p>He has published several scientific articles in the areas of regional development, urban-rural linkages, and post-earthquake labor markets. In each of these articles, he has used empirical methods and generated interdisciplinary connections to advance knowledge through applied research, focusing primarily on the cases of Chile and Latin America.<\/p>\t\t\t\t\t\t\t\t<\/div>\n\t\t\t\t<\/div>\n\t\t\t\t<div class=\"elementor-element elementor-element-f92fdd4 elementor-widget elementor-widget-spacer\" data-id=\"f92fdd4\" data-element_type=\"widget\" data-widget_type=\"spacer.default\">\n\t\t\t\t<div class=\"elementor-widget-container\">\n\t\t\t\t\t\t\t<div class=\"elementor-spacer\">\n\t\t\t<div class=\"elementor-spacer-inner\"><\/div>\n\t\t<\/div>\n\t\t\t\t\t\t<\/div>\n\t\t\t\t<\/div>\n\t\t\t\t\t<\/div>\n\t\t<\/div>\n\t\t\t\t\t<\/div>\n\t\t<\/section>\n\t\t\t\t<\/div>","protected":false},"excerpt":{"rendered":"<p>Rese\u00f1a Benjam\u00edn Jara es investigador y consultor independiente, tiene experiencia relevante en ciencias sociales e investigaci\u00f3n aplicada a desastres, vulnerabilidad social, mercados laborales y geograf\u00eda econ\u00f3mica, especializ\u00e1ndose en an\u00e1lisis cuantitativo. &#8230; <a title=\"Benjam\u00edn Jara\" class=\"read-more\" href=\"https:\/\/cedit.cl\/en\/somos\/benjamin-jara\/\" aria-label=\"Read more about Benjam\u00edn Jara\">Leer m\u00e1s<\/a><\/p>","protected":false},"author":1,"featured_media":0,"parent":3442,"menu_order":0,"comment_status":"closed","ping_status":"closed","template":"elementor_header_footer","meta":{"_acf_changed":false,"_seopress_robots_primary_cat":"","_seopress_titles_title":"","_seopress_titles_desc":"","_seopress_robots_index":"","inline_featured_image":false,"footnotes":""},"class_list":["post-2462","page","type-page","status-publish"],"acf":[],"_links":{"self":[{"href":"https:\/\/cedit.cl\/en\/wp-json\/wp\/v2\/pages\/2462","targetHints":{"allow":["GET"]}}],"collection":[{"href":"https:\/\/cedit.cl\/en\/wp-json\/wp\/v2\/pages"}],"about":[{"href":"https:\/\/cedit.cl\/en\/wp-json\/wp\/v2\/types\/page"}],"author":[{"embeddable":true,"href":"https:\/\/cedit.cl\/en\/wp-json\/wp\/v2\/users\/1"}],"replies":[{"embeddable":true,"href":"https:\/\/cedit.cl\/en\/wp-json\/wp\/v2\/comments?post=2462"}],"version-history":[{"count":7,"href":"https:\/\/cedit.cl\/en\/wp-json\/wp\/v2\/pages\/2462\/revisions"}],"predecessor-version":[{"id":2524,"href":"https:\/\/cedit.cl\/en\/wp-json\/wp\/v2\/pages\/2462\/revisions\/2524"}],"up":[{"embeddable":true,"href":"https:\/\/cedit.cl\/en\/wp-json\/wp\/v2\/pages\/3442"}],"wp:attachment":[{"href":"https:\/\/cedit.cl\/en\/wp-json\/wp\/v2\/media?parent=2462"}],"curies":[{"name":"wp","href":"https:\/\/api.w.org\/{rel}","templated":true}]}}