{"id":2339,"date":"2023-07-06T10:38:44","date_gmt":"2023-07-06T14:38:44","guid":{"rendered":"https:\/\/centrocedit.cl\/?page_id=2339"},"modified":"2025-06-17T13:01:55","modified_gmt":"2025-06-17T17:01:55","slug":"gianni-romani","status":"publish","type":"page","link":"https:\/\/cedit.cl\/en\/somos\/gianni-romani\/","title":{"rendered":"Gianni Roman\u00ed"},"content":{"rendered":"<div data-elementor-type=\"wp-page\" data-elementor-id=\"2339\" class=\"elementor elementor-2339\" data-elementor-post-type=\"page\">\n\t\t\t\t\t\t<section class=\"elementor-section elementor-top-section elementor-element elementor-element-aef4ba0 elementor-section-boxed elementor-section-height-default elementor-section-height-default\" data-id=\"aef4ba0\" data-element_type=\"section\">\n\t\t\t\t\t\t<div class=\"elementor-container elementor-column-gap-default\">\n\t\t\t\t\t<div class=\"elementor-column elementor-col-33 elementor-top-column elementor-element elementor-element-596c869\" data-id=\"596c869\" data-element_type=\"column\">\n\t\t\t<div class=\"elementor-widget-wrap elementor-element-populated\">\n\t\t\t\t\t\t<div class=\"elementor-element elementor-element-53b2297 elementor-widget elementor-widget-image\" data-id=\"53b2297\" data-element_type=\"widget\" data-widget_type=\"image.default\">\n\t\t\t\t<div class=\"elementor-widget-container\">\n\t\t\t\t\t\t\t\t\t\t\t\t\t\t\t<img fetchpriority=\"high\" decoding=\"async\" width=\"747\" height=\"601\" src=\"https:\/\/cedit.cl\/wp-content\/uploads\/2023\/07\/Gianni-Romani.jpg\" class=\"attachment-large size-large wp-image-2341\" alt=\"\" srcset=\"https:\/\/cedit.cl\/wp-content\/uploads\/2023\/07\/Gianni-Romani.jpg 747w, https:\/\/cedit.cl\/wp-content\/uploads\/2023\/07\/Gianni-Romani-300x241.jpg 300w\" sizes=\"(max-width: 747px) 100vw, 747px\" \/>\t\t\t\t\t\t\t\t\t\t\t\t\t\t\t<\/div>\n\t\t\t\t<\/div>\n\t\t\t\t\t<\/div>\n\t\t<\/div>\n\t\t\t\t<div class=\"elementor-column elementor-col-66 elementor-top-column elementor-element elementor-element-d86f8ef\" data-id=\"d86f8ef\" data-element_type=\"column\">\n\t\t\t<div class=\"elementor-widget-wrap elementor-element-populated\">\n\t\t\t\t\t\t<div class=\"elementor-element elementor-element-e62bfa4 elementor-widget elementor-widget-heading\" data-id=\"e62bfa4\" data-element_type=\"widget\" data-widget_type=\"heading.default\">\n\t\t\t\t<div class=\"elementor-widget-container\">\n\t\t\t\t\t<h3 class=\"elementor-heading-title elementor-size-default\">Biography<\/h3>\t\t\t\t<\/div>\n\t\t\t\t<\/div>\n\t\t\t\t<div class=\"elementor-element elementor-element-ba8443a elementor-widget elementor-widget-text-editor\" data-id=\"ba8443a\" data-element_type=\"widget\" data-widget_type=\"text-editor.default\">\n\t\t\t\t<div class=\"elementor-widget-container\">\n\t\t\t\t\t\t\t\t\t<p>Gianni Roman\u00ed Chocce is a Full Professor in the Department of Administration at the Universidad Cat\u00f3lica del Norte, Antofagasta, Chile. She holds a Master's and PhD in Administration and Finance from the University of S\u00e3o Paulo, Brazil. Her research interests include entrepreneurship, financing alternatives, and angel investing in Latin America. She is a Principal Investigator at the Millenium Nucleus Center for the Integrated Development of Territories (CEDIT) and leader of the Global University Entrepreneurial Spirit Student Survey (GUESSS) project in Chile. She is an Associate Researcher at the Global Entrepreneurship Monitor (GEM Chile) project and a member of the Latin American Smart Ecosystems Group (GEIAL). She also currently serves as Director of the Center for Entrepreneurship and SMEs (CEMP) at the Faculty of Economics and Administration at the same university. She is a member of the Global Entrepreneurship Research Network (GEN) and a leading member for Chile of the Global Business Angel Network (GBAN) and the Global Entrepreneurship Research Network (GEN). Member of the Board of Directors of the Escondida Mining Foundation and Aster, a startup accelerator.<\/p>\t\t\t\t\t\t\t\t<\/div>\n\t\t\t\t<\/div>\n\t\t\t\t<div class=\"elementor-element elementor-element-f4ad6c4 elementor-widget elementor-widget-heading\" data-id=\"f4ad6c4\" data-element_type=\"widget\" data-widget_type=\"heading.default\">\n\t\t\t\t<div class=\"elementor-widget-container\">\n\t\t\t\t\t<h3 class=\"elementor-heading-title elementor-size-default\">Ongoing projects<\/h3>\t\t\t\t<\/div>\n\t\t\t\t<\/div>\n\t\t\t\t<div class=\"elementor-element elementor-element-7fb4eac elementor-icon-list--layout-traditional elementor-list-item-link-full_width elementor-widget elementor-widget-icon-list\" data-id=\"7fb4eac\" data-element_type=\"widget\" data-widget_type=\"icon-list.default\">\n\t\t\t\t<div class=\"elementor-widget-container\">\n\t\t\t\t\t\t\t<ul class=\"elementor-icon-list-items\">\n\t\t\t\t\t\t\t<li class=\"elementor-icon-list-item\">\n\t\t\t\t\t\t\t\t\t\t\t<span class=\"elementor-icon-list-icon\">\n\t\t\t\t\t\t\t<i aria-hidden=\"true\" class=\"far fa-circle\"><\/i>\t\t\t\t\t\t<\/span>\n\t\t\t\t\t\t\t\t\t\t<span class=\"elementor-icon-list-text\"><b>2007 to date<\/b>. Investigadora principal. Global Entrepreneurship Monitor \u2013 GEM de la Regi\u00f3n de Antofagasta.<\/span>\n\t\t\t\t\t\t\t\t\t<\/li>\n\t\t\t\t\t\t\t\t<li class=\"elementor-icon-list-item\">\n\t\t\t\t\t\t\t\t\t\t\t<span class=\"elementor-icon-list-icon\">\n\t\t\t\t\t\t\t<i aria-hidden=\"true\" class=\"far fa-circle\"><\/i>\t\t\t\t\t\t<\/span>\n\t\t\t\t\t\t\t\t\t\t<span class=\"elementor-icon-list-text\"><b>2016 to date.<\/b> Investigadora principal y l\u00edder del proyecto Global University Entrepreneurial Spirit Student\u00b4s Survey \u2013 GUESSS en Chile. <\/span>\n\t\t\t\t\t\t\t\t\t<\/li>\n\t\t\t\t\t\t\t\t<li class=\"elementor-icon-list-item\">\n\t\t\t\t\t\t\t\t\t\t\t<span class=\"elementor-icon-list-icon\">\n\t\t\t\t\t\t\t<i aria-hidden=\"true\" class=\"far fa-circle\"><\/i>\t\t\t\t\t\t<\/span>\n\t\t\t\t\t\t\t\t\t\t<span class=\"elementor-icon-list-text\"><b>2023.<\/b> Investigadora principal y miembro del proyecto Grupo de Ecosistemas Inteligentes de Am\u00e9rica Latina \u2013 GEIAL - para Antofagasta.<\/span>\n\t\t\t\t\t\t\t\t\t<\/li>\n\t\t\t\t\t\t\t\t<li class=\"elementor-icon-list-item\">\n\t\t\t\t\t\t\t\t\t\t\t<span class=\"elementor-icon-list-icon\">\n\t\t\t\t\t\t\t<i aria-hidden=\"true\" class=\"far fa-circle\"><\/i>\t\t\t\t\t\t<\/span>\n\t\t\t\t\t\t\t\t\t\t<span class=\"elementor-icon-list-text\"><b>2023.<\/b> Directora del proyecto Creaci\u00f3n de la primera red de inversionistas \u00e1ngeles del norte de Chile, financiado por CORFO y apoyado por Escondida \u2013 BHP.<\/span>\n\t\t\t\t\t\t\t\t\t<\/li>\n\t\t\t\t\t\t<\/ul>\n\t\t\t\t\t\t<\/div>\n\t\t\t\t<\/div>\n\t\t\t\t<div class=\"elementor-element elementor-element-0839b08 elementor-position-left elementor-view-default elementor-mobile-position-top elementor-widget elementor-widget-icon-box\" data-id=\"0839b08\" data-element_type=\"widget\" data-widget_type=\"icon-box.default\">\n\t\t\t\t<div class=\"elementor-widget-container\">\n\t\t\t\t\t\t\t<div class=\"elementor-icon-box-wrapper\">\n\n\t\t\t\t\t\t<div class=\"elementor-icon-box-icon\">\n\t\t\t\t<a href=\"https:\/\/cedit.cl\/wp-content\/uploads\/2025\/04\/CV-Resumido_Gianni_INGLES_Ultimos-10-anos.pdf\" target=\"_blank\" class=\"elementor-icon\" tabindex=\"-1\" aria-label=\"CV Gianni Roman\u00ed -\u00a0English\">\n\t\t\t\t<i aria-hidden=\"true\" class=\"fas fa-file-pdf\"><\/i>\t\t\t\t<\/a>\n\t\t\t<\/div>\n\t\t\t\n\t\t\t\t\t\t<div class=\"elementor-icon-box-content\">\n\n\t\t\t\t\t\t\t\t\t<p class=\"elementor-icon-box-title\">\n\t\t\t\t\t\t<a href=\"https:\/\/cedit.cl\/wp-content\/uploads\/2025\/04\/CV-Resumido_Gianni_INGLES_Ultimos-10-anos.pdf\" target=\"_blank\" >\n\t\t\t\t\t\t\tCV Gianni Roman\u00ed -\u00a0English\t\t\t\t\t\t<\/a>\n\t\t\t\t\t<\/p>\n\t\t\t\t\n\t\t\t\t\n\t\t\t<\/div>\n\t\t\t\n\t\t<\/div>\n\t\t\t\t\t\t<\/div>\n\t\t\t\t<\/div>\n\t\t\t\t<div class=\"elementor-element elementor-element-f92fdd4 elementor-widget elementor-widget-spacer\" data-id=\"f92fdd4\" data-element_type=\"widget\" data-widget_type=\"spacer.default\">\n\t\t\t\t<div class=\"elementor-widget-container\">\n\t\t\t\t\t\t\t<div class=\"elementor-spacer\">\n\t\t\t<div class=\"elementor-spacer-inner\"><\/div>\n\t\t<\/div>\n\t\t\t\t\t\t<\/div>\n\t\t\t\t<\/div>\n\t\t\t\t\t<\/div>\n\t\t<\/div>\n\t\t\t\t\t<\/div>\n\t\t<\/section>\n\t\t\t\t<\/div>","protected":false},"excerpt":{"rendered":"<p>Rese\u00f1a Gianni Roman\u00ed Chocce es profesora Titular del Departamento de Administraci\u00f3n de la Universidad Cat\u00f3lica del Norte, Antofagasta, Chile. Es Master y Doctora en Administraci\u00f3n &#8211; Finanzas por la Universidad &#8230; <a title=\"Gianni Roman\u00ed\" class=\"read-more\" href=\"https:\/\/cedit.cl\/en\/somos\/gianni-romani\/\" aria-label=\"Read more about Gianni Roman\u00ed\">Leer m\u00e1s<\/a><\/p>","protected":false},"author":1,"featured_media":0,"parent":3442,"menu_order":0,"comment_status":"closed","ping_status":"closed","template":"elementor_header_footer","meta":{"_acf_changed":false,"_seopress_robots_primary_cat":"","_seopress_titles_title":"","_seopress_titles_desc":"","_seopress_robots_index":"","inline_featured_image":false,"footnotes":""},"class_list":["post-2339","page","type-page","status-publish"],"acf":[],"_links":{"self":[{"href":"https:\/\/cedit.cl\/en\/wp-json\/wp\/v2\/pages\/2339","targetHints":{"allow":["GET"]}}],"collection":[{"href":"https:\/\/cedit.cl\/en\/wp-json\/wp\/v2\/pages"}],"about":[{"href":"https:\/\/cedit.cl\/en\/wp-json\/wp\/v2\/types\/page"}],"author":[{"embeddable":true,"href":"https:\/\/cedit.cl\/en\/wp-json\/wp\/v2\/users\/1"}],"replies":[{"embeddable":true,"href":"https:\/\/cedit.cl\/en\/wp-json\/wp\/v2\/comments?post=2339"}],"version-history":[{"count":16,"href":"https:\/\/cedit.cl\/en\/wp-json\/wp\/v2\/pages\/2339\/revisions"}],"predecessor-version":[{"id":3404,"href":"https:\/\/cedit.cl\/en\/wp-json\/wp\/v2\/pages\/2339\/revisions\/3404"}],"up":[{"embeddable":true,"href":"https:\/\/cedit.cl\/en\/wp-json\/wp\/v2\/pages\/3442"}],"wp:attachment":[{"href":"https:\/\/cedit.cl\/en\/wp-json\/wp\/v2\/media?parent=2339"}],"curies":[{"name":"wp","href":"https:\/\/api.w.org\/{rel}","templated":true}]}}