{"id":2328,"date":"2023-07-06T10:38:44","date_gmt":"2023-07-06T14:38:44","guid":{"rendered":"https:\/\/centrocedit.cl\/?page_id=2328"},"modified":"2025-06-17T12:37:31","modified_gmt":"2025-06-17T16:37:31","slug":"felix-modrego","status":"publish","type":"page","link":"https:\/\/cedit.cl\/en\/somos\/felix-modrego\/","title":{"rendered":"F\u00e9lix Modrego"},"content":{"rendered":"<div data-elementor-type=\"wp-page\" data-elementor-id=\"2328\" class=\"elementor elementor-2328\" data-elementor-post-type=\"page\">\n\t\t\t\t\t\t<section class=\"elementor-section elementor-top-section elementor-element elementor-element-aef4ba0 elementor-section-boxed elementor-section-height-default elementor-section-height-default\" data-id=\"aef4ba0\" data-element_type=\"section\">\n\t\t\t\t\t\t<div class=\"elementor-container elementor-column-gap-default\">\n\t\t\t\t\t<div class=\"elementor-column elementor-col-33 elementor-top-column elementor-element elementor-element-596c869\" data-id=\"596c869\" data-element_type=\"column\">\n\t\t\t<div class=\"elementor-widget-wrap elementor-element-populated\">\n\t\t\t\t\t\t<div class=\"elementor-element elementor-element-53b2297 elementor-widget elementor-widget-image\" data-id=\"53b2297\" data-element_type=\"widget\" data-widget_type=\"image.default\">\n\t\t\t\t<div class=\"elementor-widget-container\">\n\t\t\t\t\t\t\t\t\t\t\t\t\t\t\t<img fetchpriority=\"high\" decoding=\"async\" width=\"1024\" height=\"1024\" src=\"https:\/\/cedit.cl\/wp-content\/uploads\/2023\/05\/Felix-Modrego.jpeg\" class=\"attachment-large size-large wp-image-1905\" alt=\"\" srcset=\"https:\/\/cedit.cl\/wp-content\/uploads\/2023\/05\/Felix-Modrego.jpeg 1024w, https:\/\/cedit.cl\/wp-content\/uploads\/2023\/05\/Felix-Modrego-300x300.jpeg 300w, https:\/\/cedit.cl\/wp-content\/uploads\/2023\/05\/Felix-Modrego-150x150.jpeg 150w, https:\/\/cedit.cl\/wp-content\/uploads\/2023\/05\/Felix-Modrego-768x768.jpeg 768w\" sizes=\"(max-width: 1024px) 100vw, 1024px\" \/>\t\t\t\t\t\t\t\t\t\t\t\t\t\t\t<\/div>\n\t\t\t\t<\/div>\n\t\t\t\t\t<\/div>\n\t\t<\/div>\n\t\t\t\t<div class=\"elementor-column elementor-col-66 elementor-top-column elementor-element elementor-element-d86f8ef\" data-id=\"d86f8ef\" data-element_type=\"column\">\n\t\t\t<div class=\"elementor-widget-wrap elementor-element-populated\">\n\t\t\t\t\t\t<div class=\"elementor-element elementor-element-e62bfa4 elementor-widget elementor-widget-heading\" data-id=\"e62bfa4\" data-element_type=\"widget\" data-widget_type=\"heading.default\">\n\t\t\t\t<div class=\"elementor-widget-container\">\n\t\t\t\t\t<h3 class=\"elementor-heading-title elementor-size-default\">Biography<\/h3>\t\t\t\t<\/div>\n\t\t\t\t<\/div>\n\t\t\t\t<div class=\"elementor-element elementor-element-ba8443a elementor-widget elementor-widget-text-editor\" data-id=\"ba8443a\" data-element_type=\"widget\" data-widget_type=\"text-editor.default\">\n\t\t\t\t<div class=\"elementor-widget-container\">\n\t\t\t\t\t\t\t\t\t<p>F\u00e9lix Modrego is an associate professor at the School of Business and Economics at the Pontifical Catholic University of Valpara\u00edso. He holds a PhD in Space Sciences from the University of Groningen (Netherlands) and a Master's degree in Agricultural Economics from the Pontifical Catholic University of Chile. He was previously a professor at the University of O'Higgins and the Catholic University of the North, a postdoctoral researcher at the Gran Sasso Institute of Sciences (Italy), and a researcher at the Latin American Center for Rural Development. He is currently a principal investigator at the Millennium Nucleus for the Integral Development of Territories (CEDIT).<\/p>\t\t\t\t\t\t\t\t<\/div>\n\t\t\t\t<\/div>\n\t\t\t\t<div class=\"elementor-element elementor-element-a090cbc elementor-widget elementor-widget-heading\" data-id=\"a090cbc\" data-element_type=\"widget\" data-widget_type=\"heading.default\">\n\t\t\t\t<div class=\"elementor-widget-container\">\n\t\t\t\t\t<h3 class=\"elementor-heading-title elementor-size-default\">Recent Papers<\/h3>\t\t\t\t<\/div>\n\t\t\t\t<\/div>\n\t\t\t\t<div class=\"elementor-element elementor-element-c4aa392 elementor-align-left elementor-icon-list--layout-traditional elementor-list-item-link-full_width elementor-widget elementor-widget-icon-list\" data-id=\"c4aa392\" data-element_type=\"widget\" data-widget_type=\"icon-list.default\">\n\t\t\t\t<div class=\"elementor-widget-container\">\n\t\t\t\t\t\t\t<ul class=\"elementor-icon-list-items\">\n\t\t\t\t\t\t\t<li class=\"elementor-icon-list-item\">\n\t\t\t\t\t\t\t\t\t\t\t<span class=\"elementor-icon-list-icon\">\n\t\t\t\t\t\t\t<i aria-hidden=\"true\" class=\"far fa-circle\"><\/i>\t\t\t\t\t\t<\/span>\n\t\t\t\t\t\t\t\t\t\t<span class=\"elementor-icon-list-text\">Hern\u00e1ndez, L., Modrego, F., Atienza, M. (2023). Skilled human capital accretion, skilled wages and the geography of growing early-stage businesses. <i>Spatial Economic Analysis<\/i> <a href=\"https:\/\/doi.org\/10.1080\/17421772.2023.2200483\">https:\/\/doi.org\/10.1080\/17421772.2023.2200483<\/a><\/span>\n\t\t\t\t\t\t\t\t\t<\/li>\n\t\t\t\t\t\t\t\t<li class=\"elementor-icon-list-item\">\n\t\t\t\t\t\t\t\t\t\t\t<span class=\"elementor-icon-list-icon\">\n\t\t\t\t\t\t\t<i aria-hidden=\"true\" class=\"far fa-circle\"><\/i>\t\t\t\t\t\t<\/span>\n\t\t\t\t\t\t\t\t\t\t<span class=\"elementor-icon-list-text\">M\u00e9ndez, P., Atienza, M., &amp; Modrego, F. (2023). Urbanization and productivity at a global level: new empirical evidence for the services sector. <i>Regional Science Policy &amp; Practice<\/i> <a href=\"https:\/\/doi.org\/10.1111\/rsp3.12620\">https:\/\/doi.org\/10.1111\/rsp3.12620<\/a><\/span>\n\t\t\t\t\t\t\t\t\t<\/li>\n\t\t\t\t\t\t\t\t<li class=\"elementor-icon-list-item\">\n\t\t\t\t\t\t\t\t\t\t\t<span class=\"elementor-icon-list-icon\">\n\t\t\t\t\t\t\t<i aria-hidden=\"true\" class=\"far fa-circle\"><\/i>\t\t\t\t\t\t<\/span>\n\t\t\t\t\t\t\t\t\t\t<span class=\"elementor-icon-list-text\">Modrego, F. &amp; Foster, W. (2022). Labor productivity response of the micro-and-small-firm sector to business entries and exits. <i>Journal of Small Business Management<\/i> 60(6): 1449-1483.<\/span>\n\t\t\t\t\t\t\t\t\t<\/li>\n\t\t\t\t\t\t\t\t<li class=\"elementor-icon-list-item\">\n\t\t\t\t\t\t\t\t\t\t\t<span class=\"elementor-icon-list-icon\">\n\t\t\t\t\t\t\t<i aria-hidden=\"true\" class=\"far fa-circle\"><\/i>\t\t\t\t\t\t<\/span>\n\t\t\t\t\t\t\t\t\t\t<span class=\"elementor-icon-list-text\">Hern\u00e1ndez, L., Atienza, M., Modrego, F. (2022). Is industrial related variety an enabling condition for regional entrepreneurship? A comparison between mining and non-mining regions in Chile. <i>The Extractive Industries and Society<\/i>, 11. <a href=\"https:\/\/doi.org\/10.1016\/j.exis.2022.101096\">https:\/\/doi.org\/10.1016\/j.exis.2022.101096<\/a><\/span>\n\t\t\t\t\t\t\t\t\t<\/li>\n\t\t\t\t\t\t<\/ul>\n\t\t\t\t\t\t<\/div>\n\t\t\t\t<\/div>\n\t\t\t\t<div class=\"elementor-element elementor-element-b56ad39 elementor-position-left elementor-view-default elementor-mobile-position-top elementor-widget elementor-widget-icon-box\" data-id=\"b56ad39\" data-element_type=\"widget\" data-widget_type=\"icon-box.default\">\n\t\t\t\t<div class=\"elementor-widget-container\">\n\t\t\t\t\t\t\t<div class=\"elementor-icon-box-wrapper\">\n\n\t\t\t\t\t\t<div class=\"elementor-icon-box-icon\">\n\t\t\t\t<a href=\"https:\/\/cedit.cl\/wp-content\/uploads\/2025\/04\/UTF-8Cv_F_Modrego_cedit_short.pdf\" target=\"_blank\" class=\"elementor-icon\" tabindex=\"-1\" aria-label=\"CV F\u00e9lix Modrego\u00a0-\u00a0English\">\n\t\t\t\t<i aria-hidden=\"true\" class=\"fas fa-file-pdf\"><\/i>\t\t\t\t<\/a>\n\t\t\t<\/div>\n\t\t\t\n\t\t\t\t\t\t<div class=\"elementor-icon-box-content\">\n\n\t\t\t\t\t\t\t\t\t<p class=\"elementor-icon-box-title\">\n\t\t\t\t\t\t<a href=\"https:\/\/cedit.cl\/wp-content\/uploads\/2025\/04\/UTF-8Cv_F_Modrego_cedit_short.pdf\" target=\"_blank\" >\n\t\t\t\t\t\t\tCV F\u00e9lix Modrego\u00a0-\u00a0English\t\t\t\t\t\t<\/a>\n\t\t\t\t\t<\/p>\n\t\t\t\t\n\t\t\t\t\n\t\t\t<\/div>\n\t\t\t\n\t\t<\/div>\n\t\t\t\t\t\t<\/div>\n\t\t\t\t<\/div>\n\t\t\t\t\t<\/div>\n\t\t<\/div>\n\t\t\t\t\t<\/div>\n\t\t<\/section>\n\t\t\t\t<\/div>","protected":false},"excerpt":{"rendered":"<p>Rese\u00f1a F\u00e9lix Modrego, es profesor asociado de la Escuela de Negocios y Econom\u00eda de la Pontificia Universidad Cat\u00f3lica de Valpara\u00edso. Doctor en Ciencias Espaciales de la Universidad de Groningen, (Pa\u00edses &#8230; <a title=\"F\u00e9lix Modrego\" class=\"read-more\" href=\"https:\/\/cedit.cl\/en\/somos\/felix-modrego\/\" aria-label=\"Read more about F\u00e9lix Modrego\">Leer m\u00e1s<\/a><\/p>","protected":false},"author":1,"featured_media":0,"parent":3442,"menu_order":0,"comment_status":"closed","ping_status":"closed","template":"elementor_header_footer","meta":{"_acf_changed":false,"_seopress_robots_primary_cat":"","_seopress_titles_title":"","_seopress_titles_desc":"","_seopress_robots_index":"","inline_featured_image":false,"footnotes":""},"class_list":["post-2328","page","type-page","status-publish"],"acf":[],"_links":{"self":[{"href":"https:\/\/cedit.cl\/en\/wp-json\/wp\/v2\/pages\/2328","targetHints":{"allow":["GET"]}}],"collection":[{"href":"https:\/\/cedit.cl\/en\/wp-json\/wp\/v2\/pages"}],"about":[{"href":"https:\/\/cedit.cl\/en\/wp-json\/wp\/v2\/types\/page"}],"author":[{"embeddable":true,"href":"https:\/\/cedit.cl\/en\/wp-json\/wp\/v2\/users\/1"}],"replies":[{"embeddable":true,"href":"https:\/\/cedit.cl\/en\/wp-json\/wp\/v2\/comments?post=2328"}],"version-history":[{"count":19,"href":"https:\/\/cedit.cl\/en\/wp-json\/wp\/v2\/pages\/2328\/revisions"}],"predecessor-version":[{"id":3440,"href":"https:\/\/cedit.cl\/en\/wp-json\/wp\/v2\/pages\/2328\/revisions\/3440"}],"up":[{"embeddable":true,"href":"https:\/\/cedit.cl\/en\/wp-json\/wp\/v2\/pages\/3442"}],"wp:attachment":[{"href":"https:\/\/cedit.cl\/en\/wp-json\/wp\/v2\/media?parent=2328"}],"curies":[{"name":"wp","href":"https:\/\/api.w.org\/{rel}","templated":true}]}}