{"id":2292,"date":"2023-07-06T10:38:44","date_gmt":"2023-07-06T14:38:44","guid":{"rendered":"https:\/\/centrocedit.cl\/?page_id=2292"},"modified":"2025-06-17T13:15:13","modified_gmt":"2025-06-17T17:15:13","slug":"jorge-campos","status":"publish","type":"page","link":"https:\/\/cedit.cl\/en\/somos\/jorge-campos\/","title":{"rendered":"Jorge Campos"},"content":{"rendered":"<div data-elementor-type=\"wp-page\" data-elementor-id=\"2292\" class=\"elementor elementor-2292\" data-elementor-post-type=\"page\">\n\t\t\t\t\t\t<section class=\"elementor-section elementor-top-section elementor-element elementor-element-aef4ba0 elementor-section-boxed elementor-section-height-default elementor-section-height-default\" data-id=\"aef4ba0\" data-element_type=\"section\">\n\t\t\t\t\t\t<div class=\"elementor-container elementor-column-gap-default\">\n\t\t\t\t\t<div class=\"elementor-column elementor-col-33 elementor-top-column elementor-element elementor-element-596c869\" data-id=\"596c869\" data-element_type=\"column\">\n\t\t\t<div class=\"elementor-widget-wrap elementor-element-populated\">\n\t\t\t\t\t\t<div class=\"elementor-element elementor-element-53b2297 elementor-widget elementor-widget-image\" data-id=\"53b2297\" data-element_type=\"widget\" data-widget_type=\"image.default\">\n\t\t\t\t<div class=\"elementor-widget-container\">\n\t\t\t\t\t\t\t\t\t\t\t\t\t\t\t<img fetchpriority=\"high\" decoding=\"async\" width=\"979\" height=\"1024\" src=\"https:\/\/cedit.cl\/wp-content\/uploads\/2023\/07\/jorge_cmpos.jpg\" class=\"attachment-large size-large wp-image-2294\" alt=\"\" srcset=\"https:\/\/cedit.cl\/wp-content\/uploads\/2023\/07\/jorge_cmpos.jpg 979w, https:\/\/cedit.cl\/wp-content\/uploads\/2023\/07\/jorge_cmpos-287x300.jpg 287w, https:\/\/cedit.cl\/wp-content\/uploads\/2023\/07\/jorge_cmpos-768x803.jpg 768w\" sizes=\"(max-width: 979px) 100vw, 979px\" \/>\t\t\t\t\t\t\t\t\t\t\t\t\t\t\t<\/div>\n\t\t\t\t<\/div>\n\t\t\t\t\t<\/div>\n\t\t<\/div>\n\t\t\t\t<div class=\"elementor-column elementor-col-66 elementor-top-column elementor-element elementor-element-d86f8ef\" data-id=\"d86f8ef\" data-element_type=\"column\">\n\t\t\t<div class=\"elementor-widget-wrap elementor-element-populated\">\n\t\t\t\t\t\t<div class=\"elementor-element elementor-element-e62bfa4 elementor-widget elementor-widget-heading\" data-id=\"e62bfa4\" data-element_type=\"widget\" data-widget_type=\"heading.default\">\n\t\t\t\t<div class=\"elementor-widget-container\">\n\t\t\t\t\t<h3 class=\"elementor-heading-title elementor-size-default\">Biography<\/h3>\t\t\t\t<\/div>\n\t\t\t\t<\/div>\n\t\t\t\t<div class=\"elementor-element elementor-element-ba8443a elementor-widget elementor-widget-text-editor\" data-id=\"ba8443a\" data-element_type=\"widget\" data-widget_type=\"text-editor.default\">\n\t\t\t\t<div class=\"elementor-widget-container\">\n\t\t\t\t\t\t\t\t\t<p>Jorge Campos-Gonz\u00e1lez se uni\u00f3 al Centro CEDIT como Investigador Post-Doctoral en las \u00e1reas de capital humano y migraci\u00f3n. Jorge finaliz\u00f3 su PhD en la Universidad de Reading, Reino Unido, en 2022 e investig\u00f3 temas sobre la interacci\u00f3n entre la oferta y demanda de trabajadores calificados durante 1980-2018 en Chile. Desde 2019 ha sido Investigador en modelamiento econ\u00f3mico en la Universidd de Reading, investigando sobre la adopci\u00f3n de agro-robots y el modelamiento espacial de innovaciones productivas agr\u00edcolas en el Reino Unido. Es Ingeniero Agr\u00f3nomo de la Universidad de Concepci\u00f3n, Chile, y obtuvo el Mag\u00edster en Econom\u00eda y Pol\u00edtica Agraria de la Pontitificia Universidad Cat\u00f3lica de Chile. Fue Economista Agr\u00edcola del Ministerio de Agricultura de Chile (2009-2011) y Economista y Jefe de Departamento en el Ministerio de Desarrollo Social de Chile (2012-2018), donde lider\u00f3 proyectos para el an\u00e1lisis y evaluaci\u00f3n de pol\u00edticas sociales de alcance territorial. Sus intereses acad\u00e9mico-profesionales se centran en aplicaciones de la Econom\u00eda Agrar\u00eda y Laboral, y el dise\u00f1o y la evaluaci\u00f3n de pol\u00edticas, entre otros.<\/p>\t\t\t\t\t\t\t\t<\/div>\n\t\t\t\t<\/div>\n\t\t\t\t<div class=\"elementor-element elementor-element-f92fdd4 elementor-widget elementor-widget-spacer\" data-id=\"f92fdd4\" data-element_type=\"widget\" data-widget_type=\"spacer.default\">\n\t\t\t\t<div class=\"elementor-widget-container\">\n\t\t\t\t\t\t\t<div class=\"elementor-spacer\">\n\t\t\t<div class=\"elementor-spacer-inner\"><\/div>\n\t\t<\/div>\n\t\t\t\t\t\t<\/div>\n\t\t\t\t<\/div>\n\t\t\t\t\t<\/div>\n\t\t<\/div>\n\t\t\t\t\t<\/div>\n\t\t<\/section>\n\t\t\t\t<\/div>","protected":false},"excerpt":{"rendered":"<p>Rese\u00f1a Jorge Campos-Gonz\u00e1lez se uni\u00f3 al Centro CEDIT como Investigador Post-Doctoral en las \u00e1reas de capital humano y migraci\u00f3n. Jorge finaliz\u00f3 su PhD en la Universidad de Reading, Reino Unido, &#8230; <a title=\"Jorge Campos\" class=\"read-more\" href=\"https:\/\/cedit.cl\/en\/somos\/jorge-campos\/\" aria-label=\"Read more about Jorge Campos\">Leer m\u00e1s<\/a><\/p>","protected":false},"author":1,"featured_media":0,"parent":3442,"menu_order":0,"comment_status":"closed","ping_status":"closed","template":"elementor_header_footer","meta":{"_acf_changed":false,"_seopress_robots_primary_cat":"","_seopress_titles_title":"","_seopress_titles_desc":"","_seopress_robots_index":"","inline_featured_image":false,"footnotes":""},"class_list":["post-2292","page","type-page","status-publish"],"acf":[],"_links":{"self":[{"href":"https:\/\/cedit.cl\/en\/wp-json\/wp\/v2\/pages\/2292","targetHints":{"allow":["GET"]}}],"collection":[{"href":"https:\/\/cedit.cl\/en\/wp-json\/wp\/v2\/pages"}],"about":[{"href":"https:\/\/cedit.cl\/en\/wp-json\/wp\/v2\/types\/page"}],"author":[{"embeddable":true,"href":"https:\/\/cedit.cl\/en\/wp-json\/wp\/v2\/users\/1"}],"replies":[{"embeddable":true,"href":"https:\/\/cedit.cl\/en\/wp-json\/wp\/v2\/comments?post=2292"}],"version-history":[{"count":7,"href":"https:\/\/cedit.cl\/en\/wp-json\/wp\/v2\/pages\/2292\/revisions"}],"predecessor-version":[{"id":2383,"href":"https:\/\/cedit.cl\/en\/wp-json\/wp\/v2\/pages\/2292\/revisions\/2383"}],"up":[{"embeddable":true,"href":"https:\/\/cedit.cl\/en\/wp-json\/wp\/v2\/pages\/3442"}],"wp:attachment":[{"href":"https:\/\/cedit.cl\/en\/wp-json\/wp\/v2\/media?parent=2292"}],"curies":[{"name":"wp","href":"https:\/\/api.w.org\/{rel}","templated":true}]}}